{"id":5345,"date":"2021-12-03T16:03:18","date_gmt":"2021-12-03T16:03:18","guid":{"rendered":"https:\/\/rgsalesagent.com\/?page_id=5345"},"modified":"2026-03-05T18:59:52","modified_gmt":"2026-03-05T18:59:52","slug":"contact","status":"publish","type":"page","link":"https:\/\/rgsalesagent.com\/en\/contact\/","title":{"rendered":"Contact"},"content":{"rendered":"<div class=\"brz brz-root__container brz-reset-all brz-root__container-page\">\n<section id=\"67da024a9700264b19cc_t0HqOxIuT4eA\" class=\"brz-section brz-css-qalw2d brz-css-g8wuz\">\n<div class=\"brz-section__content brz-section--fullWidth brz-css-vlsz9w brz-css-19yy3v8\" data-brz-custom-id=\"c81EqESh0ZWB\">\n<div class=\"brz-bg\">\n<div class=\"brz-bg-image\"><\/div>\n<div class=\"brz-bg-color\"><\/div>\n<\/div>\n<div class=\"brz-container brz-css-qky1ve brz-css-wi8v7t\">\n<div class=\"brz-row__container brz-css-cb4jm2 brz-css-1olz4u\" data-brz-custom-id=\"ojvkRhvv_XJC\">\n<div class=\"brz-row brz-css-1h8z9if brz-css-1qimeyd\">\n<div data-brz-iteration-count=\"1\" class=\"brz-columns brz-css-u9b0cw brz-css-19d7ns8 brz-animated brz-css-1ush8p0 brz-css-dxk67u\" data-brz-custom-id=\"nRsYOoVgpCyw\">\n<div class=\"brz-bg\">\n<div class=\"brz-bg-color\"><\/div>\n<\/div>\n<div class=\"brz-column__items brz-css-1k263ut brz-css-1gsuce4\">\n<div id=\"\" class=\"brz-css-q1l1qw brz-css-55kd7o brz-wrapper\">\n<div class=\"brz-rich-text brz-rich-text__custom brz-css-skkyz9 brz-css-1euckdv\" data-brz-custom-id=\"yX8K6SmJDe7M\">\n<div data-brz-translate-text=\"1\">\n<h1 class=\"brz-lh-lg-1_4 brz-ls-lg-0 brz-fw-lg-300 brz-fss-lg-px brz-fs-lg-64 brz-ft-google brz-ff-oswald brz-tp-lg-empty brz-text-lg-left brz-mb-lg-0 brz-mt-lg-0 brz-text-sm-justify brz-text-xs-justify brz-tp-xs-empty brz-fs-xs-33 brz-fss-xs-px brz-fw-xs-300 brz-ls-xs-0 brz-lh-xs-1_4 brz-tp-sm-empty brz-fs-sm-45 brz-fss-sm-px brz-fw-sm-300 brz-ls-sm-0 brz-lh-sm-1_4 brz-css-pLxUb\" data-uniq-id=\"m3XH5\" data-generated-css=\"brz-css-lwFCm\"><strong class=\"brz-cp-color8\" style=\"opacity: 1\">Contact<\/strong><\/h1>\n<\/div>\n<\/div>\n<\/div>\n<\/div>\n<\/div>\n<div class=\"brz-columns brz-css-u9b0cw brz-css-smzuma\" data-brz-custom-id=\"oSkHpG5fjYXC\">\n<div class=\"brz-column__items brz-css-1k263ut brz-css-n7o13p\">\n<div id=\"\" class=\"brz-css-q1l1qw brz-css-m55hu6 brz-css-pqww0k brz-wrapper\">\n<div class=\"brz-spacer brz-css-7ps9oj brz-css-m9r0fe\"><\/div>\n<\/div>\n<\/div>\n<\/div>\n<\/div>\n<\/div>\n<\/div>\n<\/div>\n<\/section>\n<section id=\"827c0ec725dc3b12e222_wxrwnfyfvsyebxucassvkylfldgeqfpisjnh\" class=\"brz-section brz-css-q5vcov brz-css-171z68t\">\n<div class=\"brz-section__content brz-section--fullWidth brz-css-27rzor brz-css-1li18y1\" data-brz-custom-id=\"jszhefqhdwdfcmwpfhfkpjycmxtfvpiwundi\">\n<div class=\"brz-bg\">\n<div class=\"brz-bg-color\"><\/div>\n<\/div>\n<div class=\"brz-container brz-css-fja6uw brz-css-1n0p63a\">\n<div class=\"brz-row__container brz-css-1y65hxh brz-css-y1906p\" data-brz-custom-id=\"stJyEUGXsNCj\">\n<div class=\"brz-row brz-css-27urfr brz-css-1cg0tr0\">\n<div class=\"brz-columns brz-css-1k136lt brz-css-1l1mtbt\" data-brz-custom-id=\"cqnmmopouzbzzulnzreevpjglgayftvuftrv\">\n<div class=\"brz-bg\">\n<div class=\"brz-bg-color\"><\/div>\n<\/div>\n<div class=\"brz-column__items brz-css-1n517ua brz-css-ddxbs3\">\n<div id=\"\" class=\"brz-css-18xwfum brz-css-1y75p6c brz-wrapper\">\n<div class=\"brz-rich-text brz-rich-text__custom brz-css-1iv3np3 brz-css-1qju8dk\" data-brz-custom-id=\"gmlmolqigqtyhrealehamrucrqxsvpquvuxv\">\n<div data-brz-translate-text=\"1\">\n<h2 class=\"brz-tp-lg-heading4 brz-css-zEeWA\" data-uniq-id=\"gBWJe\" data-generated-css=\"brz-css-zhS__\"><span style=\"opacity: 1\">Hello!<\/span><\/h2>\n<\/div>\n<\/div>\n<\/div>\n<div id=\"\" class=\"brz-css-18xwfum brz-css-1xikx3k brz-wrapper\">\n<div class=\"brz-rich-text brz-rich-text__custom brz-css-1iv3np3 brz-css-4hhgsj\" data-brz-custom-id=\"ewjyajvnbrqhzqecstbzpyuzobzybqgsgsdm\">\n<div data-brz-translate-text=\"1\">\n<h3 class=\"brz-ff-blinker brz-ft-google brz-fs-lg-22 brz-fss-lg-px brz-fw-lg-400 brz-ls-lg-0 brz-lh-lg-1_5 brz-tp-lg-paragraph brz-css-gK443\" data-generated-css=\"brz-css-wiUEe\" data-uniq-id=\"se3x6\"><span class=\"brz-cp-color8\" style=\"opacity: 1\">I would like to show you where you can find me and how you can contact me. You can find me at the Official College of Commercial Agents of Gij\u00f3n, located in the Principality of Asturias, Spain.<\/span><\/h3>\n<p class=\"brz-ff-blinker brz-ft-google brz-fs-lg-22 brz-fss-lg-px brz-fw-lg-400 brz-ls-lg-0 brz-lh-lg-1_5 brz-tp-lg-paragraph brz-css-n94bq\" data-generated-css=\"brz-css-km943\" data-uniq-id=\"p4FbI\"><span class=\"brz-cp-color8\" style=\"opacity: 1\"> You can contact me through this form, or if you prefer you can contact me by phone or email, according to the information indicated below.<\/span><\/p>\n<p class=\"brz-ff-blinker brz-ft-google brz-fs-lg-22 brz-fss-lg-px brz-fw-lg-400 brz-ls-lg-0 brz-lh-lg-1_5 brz-tp-lg-paragraph brz-css-eWOUL\" data-generated-css=\"brz-css-ohKol\" data-uniq-id=\"ckjvm\"><span class=\"brz-cp-color8\" style=\"opacity: 1\">I provide commercial services to different companies and clients that need help in the management and sale of their products.<\/span><\/p>\n<p class=\"brz-ff-blinker brz-ft-google brz-fs-lg-22 brz-fss-lg-px brz-fw-lg-400 brz-ls-lg-0 brz-lh-lg-1_5 brz-tp-lg-paragraph brz-css-qV0UH\" data-generated-css=\"brz-css-icdEa\" data-uniq-id=\"hGVWA\"><span class=\"brz-cp-color8\" style=\"opacity: 1\">Contact me today to learn more about how we can achieve your business goals. <\/span><\/p>\n<p class=\"brz-ff-blinker brz-ft-google brz-fs-lg-22 brz-fss-lg-px brz-fw-lg-400 brz-ls-lg-0 brz-lh-lg-1_5 brz-tp-lg-paragraph brz-css-iLksz\" data-generated-css=\"brz-css-xXSXy\" data-uniq-id=\"fnN7a\"><\/p>\n<h5 class=\"brz-ff-blinker brz-ft-google brz-fs-lg-22 brz-fss-lg-px brz-fw-lg-400 brz-ls-lg-0 brz-lh-lg-1_5 brz-tp-lg-heading5 brz-css-n5ICG\" data-uniq-id=\"hDrYC\" data-generated-css=\"brz-css-fgKA0\"><a class=\"link--external brz-cp-color8\" style=\"opacity: 1\" href=\"mailto:jmrueda@cgac.es\" data-brz-link-type=\"external\"><strong> jmrueda@colegioac.es<\/strong><\/a><\/h5>\n<\/div>\n<\/div>\n<\/div>\n<div id=\"\" class=\"brz-css-18xwfum brz-css-bpxs5t brz-css-3sq99a brz-wrapper\">\n<div class=\"brz-spacer brz-css-1hp7hxz brz-css-1565l59\"><\/div>\n<\/div>\n<div class=\"brz-wrapper-clone brz-flex-xs-wrap brz-css-1k6iv9c brz-css-a8je1m\" data-brz-custom-id=\"sOTBX4DDN5hj\"><a class=\"brz-a brz-btn brz-css-1ehcl9y brz-css-69acxi brz-css-disr5a brz-css-19z3be0\" href=\"tel:+34 680 722 958\" target=\"_self\" rel=\"noopener\" data-brz-link-type=\"external\" data-brz-custom-id=\"natM2jydYAVt\"><span data-brz-translate-text=\"1\" class=\"brz-span brz-text__editor\">CALL ME +34 680 722 958<\/span><\/a><\/div>\n<\/div>\n<\/div>\n<\/div>\n<\/div>\n<div class=\"brz-row__container brz-css-1y65hxh brz-css-1vnv5ph\" data-brz-custom-id=\"ayXVXQuJOtqI\">\n<div class=\"brz-row brz-css-27urfr brz-css-1g5xnh brz-css-62prye\">\n<div class=\"brz-columns brz-css-1k136lt brz-css-5c8e7u\" data-brz-custom-id=\"k0Ftf6nTKYMz\">\n<div class=\"brz-bg\">\n<div class=\"brz-bg-map\"><\/div>\n<\/div>\n<div class=\"brz-column__items brz-css-1n517ua brz-css-jqi2lm\">\n<div id=\"\" class=\"brz-css-18xwfum brz-css-bpxs5t brz-css-vbgfd9 brz-wrapper\">\n<div class=\"brz-spacer brz-css-1hp7hxz brz-css-14wuh82\"><\/div>\n<\/div>\n<\/div>\n<\/div>\n<\/div>\n<\/div>\n<\/div>\n<\/div>\n<\/section>\n<section id=\"f7c10f3cb48be1475251_thsuhfemnqvkkftfkbxgusiuusmjgoccpeoy\" class=\"brz-section brz-css-1t9v5v6 brz-css-zd20wz\">\n<div class=\"brz-section__content brz-section--fullWidth brz-css-ctpdte brz-css-rnjyq\" data-brz-custom-id=\"mtghdzjjzjdsportqhivhzdmlhsyuauxtwvh\">\n<div class=\"brz-container brz-css-1pvlt7k brz-css-48zq74\">\n<div id=\"\" class=\"brz-css-1sp4iss brz-css-1fh19fr brz-wrapper\">\n<div class=\"brz-rich-text brz-rich-text__custom brz-css-1cygib9 brz-css-5quh5z\" data-brz-custom-id=\"uvandutvknxxevglmeerbiqkiiqxufxwrzwp\">\n<div data-brz-translate-text=\"1\">\n<h5 class=\"brz-lh-lg-1_6 brz-ls-lg-0_5 brz-fw-lg-400 brz-fss-lg-px brz-fs-lg-20 brz-ft-google brz-ff-oswald brz-tp-lg-empty brz-css-ovZtS\" data-uniq-id=\"dG31L\" data-generated-css=\"brz-css-oScaz\"><span class=\"brz-cp-color7\">If you are interested in my work, I would love to talk to you. You can contact me by email at <\/span><a class=\"link--external brz-cp-color3\" style=\"opacity: 1\" href=\"mailto:jmrueda@cgac.es\" data-brz-link-type=\"external\"><strong><u>jmrueda@colegioac.es<\/u><\/strong><\/a><span class=\"brz-cp-color7\">. You can also call me directly at <\/span><a class=\"link--external brz-cp-color3\" style=\"opacity: 1\" href=\"tel:+34 680 722 958\" data-brz-link-type=\"external\"><strong><u>+34 680 722 958<\/u><\/strong><\/a><span class=\"brz-cp-color7\">. I will be happy to answer your questions or help you in any way I can.<\/span><\/h5>\n<h5 class=\"brz-lh-lg-1_6 brz-ls-lg-0_5 brz-fw-lg-400 brz-fss-lg-px brz-fs-lg-20 brz-ft-google brz-ff-oswald brz-tp-lg-empty brz-css-ce7Ur\" data-uniq-id=\"phGcy\" data-generated-css=\"brz-css-ncag7\"><\/h5>\n<h5 class=\"brz-lh-lg-1_6 brz-ls-lg-0_5 brz-fw-lg-400 brz-fss-lg-px brz-fs-lg-20 brz-ft-google brz-ff-oswald brz-tp-lg-empty brz-css-eKy4E\" data-uniq-id=\"uVbFG\" data-generated-css=\"brz-css-ss_hA\"><span class=\"brz-cp-color7 brz-span\">Additionally, if you prefer to connect with me online, you can visit my LinkedIn profile. There you can learn more about my business experience and skills and find ways to collaborate. My LinkedIn profile is <\/span><a class=\"brz-cp-color3 link--external\" style=\"opacity: 1\" href=\"https:\/\/www.linkedin.com\/in\/jmruedagarc%C3%ADa\/\" data-brz-link-type=\"external\" target=\"_blank\"><strong><u>www.linkedin.com\/in\/jmruedagarc\u00eda<\/u><\/strong><\/a><span class=\"brz-cp-color7\">. <\/span><\/h5>\n<h5 class=\"brz-lh-lg-1_6 brz-ls-lg-0_5 brz-fw-lg-400 brz-fss-lg-px brz-fs-lg-20 brz-ft-google brz-ff-oswald brz-tp-lg-empty brz-css-yIEDd\" data-uniq-id=\"ermFC\" data-generated-css=\"brz-css-tGhwO\"><span class=\"brz-cp-color7\"> <\/span><\/h5>\n<h5 class=\"brz-lh-lg-1_6 brz-ls-lg-0_5 brz-fw-lg-400 brz-fss-lg-px brz-fs-lg-20 brz-ft-google brz-ff-oswald brz-tp-lg-empty brz-css-asP9V\" data-uniq-id=\"rgDhX\" data-generated-css=\"brz-css-zgJBy\"><span class=\"brz-cp-color7\">Ultimately, my goal as a sales agent is to help companies and clients achieve their business goals. So don&#8217;t hesitate to contact me if you need help in any area of \u200b\u200bbusiness or have any questions &#8211; <\/span><strong class=\"brz-cp-color7\">I&#8217;m here to help!<\/strong><\/h5>\n<\/div>\n<\/div>\n<\/div>\n<\/div>\n<\/div>\n<\/section><\/div>\n<p><!-- version:1764938903 --><\/p>\n","protected":false},"excerpt":{"rendered":"<p>Contact Hello! I would like to show you where you can find me and how you can contact me. You can find me at the Official College of Commercial Agents of Gij\u00f3n, located in the Principality of Asturias, Spain. You can contact me through this form, or if you prefer you can contact me by [&hellip;]<\/p>\n","protected":false},"author":3,"featured_media":0,"parent":0,"menu_order":0,"comment_status":"closed","ping_status":"closed","template":"brizy-blank-template.php","meta":{"site-sidebar-layout":"default","site-content-layout":"","ast-site-content-layout":"default","site-content-style":"default","site-sidebar-style":"default","ast-global-header-display":"","ast-banner-title-visibility":"","ast-main-header-display":"","ast-hfb-above-header-display":"","ast-hfb-below-header-display":"","ast-hfb-mobile-header-display":"","site-post-title":"","ast-breadcrumbs-content":"","ast-featured-img":"","footer-sml-layout":"","ast-disable-related-posts":"","theme-transparent-header-meta":"","adv-header-id-meta":"","stick-header-meta":"","header-above-stick-meta":"","header-main-stick-meta":"","header-below-stick-meta":"","astra-migrate-meta-layouts":"set","ast-page-background-enabled":"default","ast-page-background-meta":{"desktop":{"background-color":"var(--ast-global-color-4)","background-image":"","background-repeat":"repeat","background-position":"center center","background-size":"auto","background-attachment":"scroll","background-type":"","background-media":"","overlay-type":"","overlay-color":"","overlay-opacity":"","overlay-gradient":""},"tablet":{"background-color":"","background-image":"","background-repeat":"repeat","background-position":"center center","background-size":"auto","background-attachment":"scroll","background-type":"","background-media":"","overlay-type":"","overlay-color":"","overlay-opacity":"","overlay-gradient":""},"mobile":{"background-color":"","background-image":"","background-repeat":"repeat","background-position":"center center","background-size":"auto","background-attachment":"scroll","background-type":"","background-media":"","overlay-type":"","overlay-color":"","overlay-opacity":"","overlay-gradient":""}},"ast-content-background-meta":{"desktop":{"background-color":"var(--ast-global-color-5)","background-image":"","background-repeat":"repeat","background-position":"center center","background-size":"auto","background-attachment":"scroll","background-type":"","background-media":"","overlay-type":"","overlay-color":"","overlay-opacity":"","overlay-gradient":""},"tablet":{"background-color":"var(--ast-global-color-5)","background-image":"","background-repeat":"repeat","background-position":"center center","background-size":"auto","background-attachment":"scroll","background-type":"","background-media":"","overlay-type":"","overlay-color":"","overlay-opacity":"","overlay-gradient":""},"mobile":{"background-color":"var(--ast-global-color-5)","background-image":"","background-repeat":"repeat","background-position":"center center","background-size":"auto","background-attachment":"scroll","background-type":"","background-media":"","overlay-type":"","overlay-color":"","overlay-opacity":"","overlay-gradient":""}},"footnotes":""},"class_list":["post-5345","page","type-page","status-publish","hentry"],"yoast_head":"<!-- This site is optimized with the Yoast SEO plugin v27.3 - https:\/\/yoast.com\/product\/yoast-seo-wordpress\/ -->\n<title>Contact - Jos\u00e9 Miguel Rueda<\/title>\n<meta name=\"description\" content=\"Contact -\" \/>\n<meta name=\"robots\" content=\"index, follow, max-snippet:-1, max-image-preview:large, max-video-preview:-1\" \/>\n<link rel=\"canonical\" href=\"https:\/\/rgsalesagent.com\/en\/contact\/\" \/>\n<meta property=\"og:locale\" content=\"en_US\" \/>\n<meta property=\"og:type\" content=\"article\" \/>\n<meta property=\"og:title\" content=\"Contact - Jos\u00e9 Miguel Rueda\" \/>\n<meta property=\"og:description\" content=\"Contact -\" \/>\n<meta property=\"og:url\" content=\"https:\/\/rgsalesagent.com\/en\/contact\/\" \/>\n<meta property=\"og:site_name\" content=\"Jos\u00e9 Miguel Rueda\" \/>\n<meta property=\"article:modified_time\" content=\"2026-03-05T18:59:52+00:00\" \/>\n<meta property=\"og:image\" content=\"https:\/\/rgsalesagent.com\/wp-content\/uploads\/2023\/06\/Logo-horizontal-fondo-blanco-e1697626046756.jpg\" \/>\n\t<meta property=\"og:image:width\" content=\"723\" \/>\n\t<meta property=\"og:image:height\" content=\"251\" \/>\n\t<meta property=\"og:image:type\" content=\"image\/jpeg\" \/>\n<meta name=\"twitter:card\" content=\"summary_large_image\" \/>\n<meta name=\"twitter:label1\" content=\"Est. reading time\" \/>\n\t<meta name=\"twitter:data1\" content=\"2 minutes\" \/>\n<script type=\"application\/ld+json\" class=\"yoast-schema-graph\">{\"@context\":\"https:\\\/\\\/schema.org\",\"@graph\":[{\"@type\":\"WebPage\",\"@id\":\"https:\\\/\\\/rgsalesagent.com\\\/en\\\/contact\\\/\",\"url\":\"https:\\\/\\\/rgsalesagent.com\\\/en\\\/contact\\\/\",\"name\":\"Contact - Jos\u00e9 Miguel Rueda\",\"isPartOf\":{\"@id\":\"https:\\\/\\\/rgsalesagent.com\\\/#website\"},\"datePublished\":\"2021-12-03T16:03:18+00:00\",\"dateModified\":\"2026-03-05T18:59:52+00:00\",\"description\":\"Contact -\",\"breadcrumb\":{\"@id\":\"https:\\\/\\\/rgsalesagent.com\\\/en\\\/contact\\\/#breadcrumb\"},\"inLanguage\":\"en-US\",\"potentialAction\":[{\"@type\":\"ReadAction\",\"target\":[\"https:\\\/\\\/rgsalesagent.com\\\/en\\\/contact\\\/\"]}]},{\"@type\":\"BreadcrumbList\",\"@id\":\"https:\\\/\\\/rgsalesagent.com\\\/en\\\/contact\\\/#breadcrumb\",\"itemListElement\":[{\"@type\":\"ListItem\",\"position\":1,\"name\":\"Portada\",\"item\":\"https:\\\/\\\/rgsalesagent.com\\\/en\\\/\"},{\"@type\":\"ListItem\",\"position\":2,\"name\":\"Contact\"}]},{\"@type\":\"WebSite\",\"@id\":\"https:\\\/\\\/rgsalesagent.com\\\/#website\",\"url\":\"https:\\\/\\\/rgsalesagent.com\\\/\",\"name\":\"Agente Comercial - Jose Manuel Rueda Garc\u00eda\",\"description\":\"Jos\u00e9 Miguel Rueda, agente comercial con m\u00e1s de 20 a\u00f1os de experiencia en el sector.\",\"publisher\":{\"@id\":\"https:\\\/\\\/rgsalesagent.com\\\/#organization\"},\"potentialAction\":[{\"@type\":\"SearchAction\",\"target\":{\"@type\":\"EntryPoint\",\"urlTemplate\":\"https:\\\/\\\/rgsalesagent.com\\\/?s={search_term_string}\"},\"query-input\":{\"@type\":\"PropertyValueSpecification\",\"valueRequired\":true,\"valueName\":\"search_term_string\"}}],\"inLanguage\":\"en-US\"},{\"@type\":\"Organization\",\"@id\":\"https:\\\/\\\/rgsalesagent.com\\\/#organization\",\"name\":\"Agente Comercial - Jose Manuel Rueda Garc\u00eda\",\"url\":\"https:\\\/\\\/rgsalesagent.com\\\/\",\"logo\":{\"@type\":\"ImageObject\",\"inLanguage\":\"en-US\",\"@id\":\"https:\\\/\\\/rgsalesagent.com\\\/#\\\/schema\\\/logo\\\/image\\\/\",\"url\":\"https:\\\/\\\/rgsalesagent.com\\\/wp-content\\\/uploads\\\/2023\\\/06\\\/Logo-horizontal-fondo-blanco.jpg\",\"contentUrl\":\"https:\\\/\\\/rgsalesagent.com\\\/wp-content\\\/uploads\\\/2023\\\/06\\\/Logo-horizontal-fondo-blanco.jpg\",\"width\":950,\"height\":400,\"caption\":\"Agente Comercial - Jose Manuel Rueda Garc\u00eda\"},\"image\":{\"@id\":\"https:\\\/\\\/rgsalesagent.com\\\/#\\\/schema\\\/logo\\\/image\\\/\"},\"sameAs\":[\"https:\\\/\\\/www.linkedin.com\\\/in\\\/jmruedagarca\\\/\"]}]}<\/script>\n<!-- \/ Yoast SEO plugin. -->","yoast_head_json":{"title":"Contact - Jos\u00e9 Miguel Rueda","description":"Contact -","robots":{"index":"index","follow":"follow","max-snippet":"max-snippet:-1","max-image-preview":"max-image-preview:large","max-video-preview":"max-video-preview:-1"},"canonical":"https:\/\/rgsalesagent.com\/en\/contact\/","og_locale":"en_US","og_type":"article","og_title":"Contact - Jos\u00e9 Miguel Rueda","og_description":"Contact -","og_url":"https:\/\/rgsalesagent.com\/en\/contact\/","og_site_name":"Jos\u00e9 Miguel Rueda","article_modified_time":"2026-03-05T18:59:52+00:00","og_image":[{"width":723,"height":251,"url":"https:\/\/rgsalesagent.com\/wp-content\/uploads\/2023\/06\/Logo-horizontal-fondo-blanco-e1697626046756.jpg","type":"image\/jpeg"}],"twitter_card":"summary_large_image","twitter_misc":{"Est. reading time":"2 minutes"},"schema":{"@context":"https:\/\/schema.org","@graph":[{"@type":"WebPage","@id":"https:\/\/rgsalesagent.com\/en\/contact\/","url":"https:\/\/rgsalesagent.com\/en\/contact\/","name":"Contact - Jos\u00e9 Miguel Rueda","isPartOf":{"@id":"https:\/\/rgsalesagent.com\/#website"},"datePublished":"2021-12-03T16:03:18+00:00","dateModified":"2026-03-05T18:59:52+00:00","description":"Contact -","breadcrumb":{"@id":"https:\/\/rgsalesagent.com\/en\/contact\/#breadcrumb"},"inLanguage":"en-US","potentialAction":[{"@type":"ReadAction","target":["https:\/\/rgsalesagent.com\/en\/contact\/"]}]},{"@type":"BreadcrumbList","@id":"https:\/\/rgsalesagent.com\/en\/contact\/#breadcrumb","itemListElement":[{"@type":"ListItem","position":1,"name":"Portada","item":"https:\/\/rgsalesagent.com\/en\/"},{"@type":"ListItem","position":2,"name":"Contact"}]},{"@type":"WebSite","@id":"https:\/\/rgsalesagent.com\/#website","url":"https:\/\/rgsalesagent.com\/","name":"Agente Comercial - Jose Manuel Rueda Garc\u00eda","description":"Jos\u00e9 Miguel Rueda, agente comercial con m\u00e1s de 20 a\u00f1os de experiencia en el sector.","publisher":{"@id":"https:\/\/rgsalesagent.com\/#organization"},"potentialAction":[{"@type":"SearchAction","target":{"@type":"EntryPoint","urlTemplate":"https:\/\/rgsalesagent.com\/?s={search_term_string}"},"query-input":{"@type":"PropertyValueSpecification","valueRequired":true,"valueName":"search_term_string"}}],"inLanguage":"en-US"},{"@type":"Organization","@id":"https:\/\/rgsalesagent.com\/#organization","name":"Agente Comercial - Jose Manuel Rueda Garc\u00eda","url":"https:\/\/rgsalesagent.com\/","logo":{"@type":"ImageObject","inLanguage":"en-US","@id":"https:\/\/rgsalesagent.com\/#\/schema\/logo\/image\/","url":"https:\/\/rgsalesagent.com\/wp-content\/uploads\/2023\/06\/Logo-horizontal-fondo-blanco.jpg","contentUrl":"https:\/\/rgsalesagent.com\/wp-content\/uploads\/2023\/06\/Logo-horizontal-fondo-blanco.jpg","width":950,"height":400,"caption":"Agente Comercial - Jose Manuel Rueda Garc\u00eda"},"image":{"@id":"https:\/\/rgsalesagent.com\/#\/schema\/logo\/image\/"},"sameAs":["https:\/\/www.linkedin.com\/in\/jmruedagarca\/"]}]}},"brizy_media":[],"_links":{"self":[{"href":"https:\/\/rgsalesagent.com\/en\/wp-json\/wp\/v2\/pages\/5345","targetHints":{"allow":["GET"]}}],"collection":[{"href":"https:\/\/rgsalesagent.com\/en\/wp-json\/wp\/v2\/pages"}],"about":[{"href":"https:\/\/rgsalesagent.com\/en\/wp-json\/wp\/v2\/types\/page"}],"author":[{"embeddable":true,"href":"https:\/\/rgsalesagent.com\/en\/wp-json\/wp\/v2\/users\/3"}],"replies":[{"embeddable":true,"href":"https:\/\/rgsalesagent.com\/en\/wp-json\/wp\/v2\/comments?post=5345"}],"version-history":[{"count":3,"href":"https:\/\/rgsalesagent.com\/en\/wp-json\/wp\/v2\/pages\/5345\/revisions"}],"predecessor-version":[{"id":9146,"href":"https:\/\/rgsalesagent.com\/en\/wp-json\/wp\/v2\/pages\/5345\/revisions\/9146"}],"wp:attachment":[{"href":"https:\/\/rgsalesagent.com\/en\/wp-json\/wp\/v2\/media?parent=5345"}],"curies":[{"name":"wp","href":"https:\/\/api.w.org\/{rel}","templated":true}]}}