{"id":5826,"date":"2023-08-14T14:12:58","date_gmt":"2023-08-14T14:12:58","guid":{"rendered":"https:\/\/rgsalesagent.com\/?page_id=5826"},"modified":"2026-03-05T13:04:46","modified_gmt":"2026-03-05T13:04:46","slug":"mis-representadas-ingles","status":"publish","type":"page","link":"https:\/\/rgsalesagent.com\/en\/mis-representadas-ingles\/","title":{"rendered":"My Represented"},"content":{"rendered":"<div class=\"brz brz-root__container brz-reset-all brz-root__container-page\" >\n<section id=\"a95ArFT2Wm0c_a95ArFT2Wm0c\" class=\"brz-section brz-css-d-section brz-css-1i3mmux\">\n<div class=\"brz-section__content brz-section--fullWidth brz-css-d-sectionitem-bg brz-css-fmb37n\" data-brz-custom-id=\"gIuOcbZHEczZ\">\n<div class=\"brz-bg\">\n<div class=\"brz-bg-image\"><\/div>\n<div class=\"brz-bg-color\"><\/div>\n<\/div>\n<div class=\"brz-container brz-css-d-sectionitem-container brz-css-xp15im\">\n<div class=\"brz-row__container brz-css-d-row-row brz-css-2ywc5h\" data-brz-custom-id=\"zXLvSCsbHo28\">\n<div class=\"brz-row brz-css-d-row-container brz-css-onmmvq\">\n<div data-brz-iteration-count=\"1\" class=\"brz-columns brz-css-d-column-column brz-css-1s16rlr brz-animated brz-css-d-column-animation-slideinleft-2000-1000-false brz-css-v4cb4t\" data-brz-custom-id=\"gCGf22URvuDn\">\n<div class=\"brz-bg\">\n<div class=\"brz-bg-color\"><\/div>\n<\/div>\n<div class=\"brz-column__items brz-css-d-column-bg brz-css-1q8xe5d\">\n<div id=\"\" class=\"brz-css-d-wrapper brz-css-fdsyxv brz-wrapper\">\n<div class=\"brz-rich-text brz-rich-text__custom brz-css-d-richtext brz-css-1f91aus\" data-brz-custom-id=\"kXAkSs2gAOeI\">\n<div data-brz-translate-text=\"1\">\n<h1 class=\"brz-lh-sm-1_4 brz-ls-sm-0 brz-fw-sm-300 brz-fss-sm-px brz-fs-sm-45 brz-tp-sm-empty brz-lh-xs-1_4 brz-ls-xs-0 brz-fw-xs-300 brz-fss-xs-px brz-fs-xs-33 brz-tp-xs-empty brz-text-xs-justify brz-text-sm-justify brz-mt-lg-0 brz-mb-lg-0 brz-text-lg-left brz-tp-lg-empty brz-ff-oswald brz-ft-google brz-fs-lg-64 brz-fss-lg-px brz-fw-lg-300 brz-ls-lg-0 brz-lh-lg-1_4 brz-css-p8ZBs\" data-generated-css=\"brz-css-sweg6\" data-uniq-id=\"qrAUS\"><strong class=\"brz-cp-color8\" style=\"opacity: 1;\">Principals<\/strong><\/h1>\n<\/div>\n<\/div>\n<\/div>\n<\/div>\n<\/div>\n<div class=\"brz-columns brz-css-d-column-column brz-css-c9ctq0\" data-brz-custom-id=\"mvuDUzylzZDR\">\n<div class=\"brz-column__items brz-css-d-column-bg brz-css-flp3qx\">\n<div id=\"\" class=\"brz-css-d-wrapper brz-css-r-wrapper brz-css-u6mj87 brz-wrapper\">\n<div class=\"brz-spacer brz-css-d-spacer brz-css-1qc3rv2\"><\/div>\n<\/div>\n<\/div>\n<\/div>\n<\/div>\n<\/div>\n<\/div>\n<\/div>\n<\/section>\n<section id=\"hbuasygjhvddcamoenvidtlegxarxugktujn_hbuasygjhvddcamoenvidtlegxarxugktujn\" class=\"brz-section brz-css-d-section brz-css-13pklfj\">\n<div class=\"brz-section__content brz-section--fullWidth brz-css-d-sectionitem-bg brz-css-xbqz37\" data-brz-custom-id=\"equeziyaaralvfgiekunamuhrckoaetggoob\">\n<div class=\"brz-container brz-css-d-sectionitem-container brz-css-1vaiuz9\">\n<div class=\"brz-row__container brz-css-d-row-row brz-css-wwdlsx\" data-brz-custom-id=\"d_hlpXzGJU66\">\n<div class=\"brz-row brz-css-d-row-container brz-css-1fng1n9\">\n<div class=\"brz-columns brz-css-d-column-column brz-css-suwsn4\" data-brz-custom-id=\"rciusgekxvnxsswrwzryumgzstkvunoirrrw\">\n<div class=\"brz-bg\">\n<div class=\"brz-bg-image\"><\/div>\n<\/div>\n<div class=\"brz-column__items brz-css-d-column-bg brz-css-uyr40i\">\n<div class=\"brz-row__container brz-css-d-row-row brz-css-16xcbcf\" data-brz-custom-id=\"i_JfmHFxuJSl\">\n<div class=\"brz-row brz-row--inner brz-css-d-row-container brz-css-r-row-container brz-css-1atzyc8\">\n<div class=\"brz-columns brz-css-d-column-column brz-css-1wxgowh\" data-brz-custom-id=\"bCQidX5rPRwv\">\n<div class=\"brz-bg\">\n<div class=\"brz-bg-color\"><\/div>\n<\/div>\n<div class=\"brz-column__items brz-css-d-column-bg brz-css-1i7aaex\">\n<div id=\"\" class=\"brz-css-d-wrapper brz-css-sxjsns brz-wrapper\">\n<div class=\"brz-image brz-css-d-image-cirw4kbu_xcc-parent brz-css-1jesncx\" data-brz-custom-id=\"cirw4kBu_xCc\"><a class=\"brz-a\" target=\"_blank\" rel=\"noopener nofollow noreferrer\" href=\"https:\/\/www.alcupla.com\/\" data-brz-link-type=\"external\"><picture class=\"brz-picture brz-d-block brz-p-relative brz-css-d-image-cirw4kbu_xcc-picture brz-css-1l8ieq2\"><source data-srcset=\"https:\/\/rgsalesagent.com\/wp-content\/uploads\/2023\/11\/AculpaLogo-2.jpg 1x, https:\/\/rgsalesagent.com\/wp-content\/uploads\/2023\/11\/AculpaLogo-2.jpg 2x\" media=\"(min-width: 992px)\"><source data-srcset=\"https:\/\/rgsalesagent.com\/wp-content\/uploads\/2023\/11\/AculpaLogo-2.jpg 1x, https:\/\/rgsalesagent.com\/wp-content\/uploads\/2023\/11\/AculpaLogo-2.jpg 2x\" media=\"(min-width: 768px)\"><img decoding=\"async\" class=\"brz-img lazyload\" data-srcset=\"https:\/\/rgsalesagent.com\/wp-content\/uploads\/2023\/11\/AculpaLogo-2.jpg 1x, https:\/\/rgsalesagent.com\/wp-content\/uploads\/2023\/11\/AculpaLogo-2.jpg 2x\" data-src=\"https:\/\/rgsalesagent.com\/wp-content\/uploads\/2023\/11\/AculpaLogo-2.jpg\" alt=\"{{brizy_dc_image_alt imageSrc=\"wp-c1a4e27fbc3b9a5d5a5a7e0e6777ec59.jpg\"}}\" title=\"AculpaLogo (2)\" draggable=\"false\" src=\"data:image\/svg+xml;base64,PHN2ZyB3aWR0aD0iMSIgaGVpZ2h0PSIxIiB4bWxucz0iaHR0cDovL3d3dy53My5vcmcvMjAwMC9zdmciPjwvc3ZnPg==\" style=\"--smush-placeholder-width: 400px; --smush-placeholder-aspect-ratio: 400\/102;\"><\/picture><\/a><\/div>\n<\/div>\n<\/div>\n<\/div>\n<\/div>\n<\/div>\n<\/div>\n<p><a class=\"brz-a brz-container-link\" target=\"_blank\" rel=\"noopener noreferrer\" href=\"https:\/\/www.alcupla.com\/\" data-brz-link-type=\"external\"><\/a><\/div>\n<div class=\"brz-columns brz-css-d-column-column brz-css-u0kmz7\" data-brz-custom-id=\"wvyrycphfapyfytdzwoyicdoeoslpgbdwzyg\">\n<div class=\"brz-bg\">\n<div class=\"brz-bg-image\"><\/div>\n<\/div>\n<div class=\"brz-column__items brz-css-d-column-bg brz-css-1mnuafc\">\n<div class=\"brz-row__container brz-css-d-row-row brz-css-1sc72vx\" data-brz-custom-id=\"qCadO3wbwhJk\">\n<div class=\"brz-row brz-row--inner brz-css-d-row-container brz-css-r-row-container brz-css-v6zsub\">\n<div class=\"brz-columns brz-css-d-column-column brz-css-145qqfi\" data-brz-custom-id=\"g4gf9zCwxEYI\">\n<div class=\"brz-bg\">\n<div class=\"brz-bg-color\"><\/div>\n<\/div>\n<div class=\"brz-column__items brz-css-d-column-bg brz-css-1hdps0y\">\n<div id=\"\" class=\"brz-css-d-wrapper brz-css-xzsvf0 brz-wrapper\">\n<div class=\"brz-image brz-css-d-image-wit4tnvjc_ca-parent brz-css-ssqwmf\" data-brz-custom-id=\"wit4tnvJc_Ca\"><a class=\"brz-a\" target=\"_blank\" rel=\"noopener nofollow noreferrer\" href=\"https:\/\/ingenierosasesores.com\/\" data-brz-link-type=\"external\"><picture class=\"brz-picture brz-d-block brz-p-relative brz-css-d-image-wit4tnvjc_ca-picture brz-css-10zz2m0\"><source data-srcset=\"https:\/\/rgsalesagent.com\/wp-content\/uploads\/2023\/12\/ingenieros-asesores-logo-200x0-1.png 1x, https:\/\/rgsalesagent.com\/wp-content\/uploads\/2023\/12\/ingenieros-asesores-logo-200x0-1.png 2x\" media=\"(min-width: 992px)\"><source data-srcset=\"https:\/\/rgsalesagent.com\/wp-content\/uploads\/2023\/12\/ingenieros-asesores-logo-200x0-1.png 1x, https:\/\/rgsalesagent.com\/wp-content\/uploads\/2023\/12\/ingenieros-asesores-logo-200x0-1.png 2x\" media=\"(min-width: 768px)\"><img decoding=\"async\" class=\"brz-img lazyload\" data-srcset=\"https:\/\/rgsalesagent.com\/wp-content\/uploads\/2023\/12\/ingenieros-asesores-logo-200x0-1.png 1x, https:\/\/rgsalesagent.com\/wp-content\/uploads\/2023\/12\/ingenieros-asesores-logo-200x0-1.png 2x\" data-src=\"https:\/\/rgsalesagent.com\/wp-content\/uploads\/2023\/12\/ingenieros-asesores-logo-200x0-1.png\" alt=\"{{brizy_dc_image_alt imageSrc=\"wp-c850ed1b8808897475fd8ed27ff4f5e5.png\"}}\" title=\"ingenieros-asesores-logo-200&#215;0 (1)\" draggable=\"false\" src=\"data:image\/svg+xml;base64,PHN2ZyB3aWR0aD0iMSIgaGVpZ2h0PSIxIiB4bWxucz0iaHR0cDovL3d3dy53My5vcmcvMjAwMC9zdmciPjwvc3ZnPg==\" style=\"--smush-placeholder-width: 200px; --smush-placeholder-aspect-ratio: 200\/71;\"><\/picture><\/a><\/div>\n<\/div>\n<\/div>\n<\/div>\n<\/div>\n<\/div>\n<\/div>\n<p><a class=\"brz-a brz-container-link\" target=\"_blank\" rel=\"noopener noreferrer\" href=\"https:\/\/ingenierosasesores.com\/\" data-brz-link-type=\"external\"><\/a><\/div>\n<\/div>\n<\/div>\n<\/div>\n<\/div>\n<\/section>\n<section id=\"p_kByUd4O_L4_p_kByUd4O_L4\" class=\"brz-section brz-css-d-section brz-css-jgbnyy\">\n<div class=\"brz-section__content brz-section--fullWidth brz-css-d-sectionitem-bg brz-css-lh6f1g\" data-brz-custom-id=\"cT3JR9FhZ2hi\">\n<div class=\"brz-container brz-css-d-sectionitem-container brz-css-a6yyfs\">\n<div class=\"brz-row__container brz-css-d-row-row brz-css-1tmrkji\" data-brz-custom-id=\"oAp3IxHew5wb\">\n<div class=\"brz-row brz-css-d-row-container brz-css-j0mq0o\">\n<div class=\"brz-columns brz-css-d-column-column brz-css-1nd6zcg\" data-brz-custom-id=\"isSx0KVDe9Cq\">\n<div class=\"brz-bg\">\n<div class=\"brz-bg-image\"><\/div>\n<\/div>\n<div class=\"brz-column__items brz-css-d-column-bg brz-css-171so51\">\n<div class=\"brz-row__container brz-css-d-row-row brz-css-19q7ymh\" data-brz-custom-id=\"bIBNuBDuu4k6\">\n<div class=\"brz-row brz-row--inner brz-css-d-row-container brz-css-r-row-container brz-css-1x053zg\">\n<div class=\"brz-columns brz-css-d-column-column brz-css-1700awg\" data-brz-custom-id=\"xvVRX7Oy262_\">\n<div class=\"brz-bg\">\n<div class=\"brz-bg-color\"><\/div>\n<\/div>\n<div class=\"brz-column__items brz-css-d-column-bg brz-css-qxrl76\">\n<div id=\"\" class=\"brz-css-d-wrapper brz-css-1ttsrxr brz-wrapper\">\n<div class=\"brz-image brz-css-d-image-hvlqf5ao73py-parent brz-css-1y630n1\" data-brz-custom-id=\"hvlqF5ao73Py\"><a class=\"brz-a\" target=\"_blank\" rel=\"noopener nofollow noreferrer\" href=\"https:\/\/www.alcupla.com\/\" data-brz-link-type=\"external\"><picture class=\"brz-picture brz-d-block brz-p-relative brz-css-d-image-hvlqf5ao73py-picture brz-css-1j5wzxr\"><source data-srcset=\"https:\/\/rgsalesagent.com\/en\/?brizy_media=wp-7a2f64319a7591a7ab195af61b91abac.png&amp;brizy_crop=original 1x, https:\/\/rgsalesagent.com\/en\/?brizy_media=wp-7a2f64319a7591a7ab195af61b91abac.png&amp;brizy_crop=original 2x\" media=\"(min-width: 992px)\"><source data-srcset=\"https:\/\/rgsalesagent.com\/en\/?brizy_media=wp-7a2f64319a7591a7ab195af61b91abac.png&amp;brizy_crop=original 1x, https:\/\/rgsalesagent.com\/en\/?brizy_media=wp-7a2f64319a7591a7ab195af61b91abac.png&amp;brizy_crop=original 2x\" media=\"(min-width: 768px)\"><img decoding=\"async\" class=\"brz-img lazyload\" data-srcset=\"https:\/\/rgsalesagent.com\/en\/?brizy_media=wp-7a2f64319a7591a7ab195af61b91abac.png&amp;brizy_crop=original 1x, https:\/\/rgsalesagent.com\/en\/?brizy_media=wp-7a2f64319a7591a7ab195af61b91abac.png&amp;brizy_crop=original 2x\" data-src=\"https:\/\/rgsalesagent.com\/en\/?brizy_media=wp-7a2f64319a7591a7ab195af61b91abac.png&amp;brizy_crop=original\" alt=\"{{brizy_dc_image_alt imageSrc=\"wp-7a2f64319a7591a7ab195af61b91abac.png\"}}\" title=\"\" draggable=\"false\" src=\"data:image\/svg+xml;base64,PHN2ZyB3aWR0aD0iMSIgaGVpZ2h0PSIxIiB4bWxucz0iaHR0cDovL3d3dy53My5vcmcvMjAwMC9zdmciPjwvc3ZnPg==\"><\/picture><\/a><\/div>\n<\/div>\n<\/div>\n<\/div>\n<\/div>\n<\/div>\n<\/div>\n<p><a class=\"brz-a brz-container-link\" target=\"_blank\" rel=\"noopener noreferrer\" href=\"https:\/\/www.zeocel.pt\/0\/es\/\" data-brz-link-type=\"external\"><\/a><\/div>\n<div class=\"brz-columns brz-css-d-column-column brz-css-1dynasw\" data-brz-custom-id=\"laUSHpgJIpGc\">\n<div class=\"brz-column__items brz-css-d-column-bg brz-css-1301ibt\"><\/div>\n<\/div>\n<\/div>\n<\/div>\n<\/div>\n<\/div>\n<\/section><\/div>\n<p><!-- version:1772715886 --><\/p>\n","protected":false},"excerpt":{"rendered":"<p>Principals<\/p>\n","protected":false},"author":3,"featured_media":0,"parent":0,"menu_order":0,"comment_status":"closed","ping_status":"closed","template":"brizy-blank-template.php","meta":{"site-sidebar-layout":"default","site-content-layout":"","ast-site-content-layout":"default","site-content-style":"default","site-sidebar-style":"default","ast-global-header-display":"","ast-banner-title-visibility":"","ast-main-header-display":"","ast-hfb-above-header-display":"","ast-hfb-below-header-display":"","ast-hfb-mobile-header-display":"","site-post-title":"","ast-breadcrumbs-content":"","ast-featured-img":"","footer-sml-layout":"","ast-disable-related-posts":"","theme-transparent-header-meta":"","adv-header-id-meta":"","stick-header-meta":"","header-above-stick-meta":"","header-main-stick-meta":"","header-below-stick-meta":"","astra-migrate-meta-layouts":"set","ast-page-background-enabled":"default","ast-page-background-meta":{"desktop":{"background-color":"var(--ast-global-color-4)","background-image":"","background-repeat":"repeat","background-position":"center center","background-size":"auto","background-attachment":"scroll","background-type":"","background-media":"","overlay-type":"","overlay-color":"","overlay-opacity":"","overlay-gradient":""},"tablet":{"background-color":"","background-image":"","background-repeat":"repeat","background-position":"center center","background-size":"auto","background-attachment":"scroll","background-type":"","background-media":"","overlay-type":"","overlay-color":"","overlay-opacity":"","overlay-gradient":""},"mobile":{"background-color":"","background-image":"","background-repeat":"repeat","background-position":"center center","background-size":"auto","background-attachment":"scroll","background-type":"","background-media":"","overlay-type":"","overlay-color":"","overlay-opacity":"","overlay-gradient":""}},"ast-content-background-meta":{"desktop":{"background-color":"var(--ast-global-color-5)","background-image":"","background-repeat":"repeat","background-position":"center center","background-size":"auto","background-attachment":"scroll","background-type":"","background-media":"","overlay-type":"","overlay-color":"","overlay-opacity":"","overlay-gradient":""},"tablet":{"background-color":"var(--ast-global-color-5)","background-image":"","background-repeat":"repeat","background-position":"center center","background-size":"auto","background-attachment":"scroll","background-type":"","background-media":"","overlay-type":"","overlay-color":"","overlay-opacity":"","overlay-gradient":""},"mobile":{"background-color":"var(--ast-global-color-5)","background-image":"","background-repeat":"repeat","background-position":"center center","background-size":"auto","background-attachment":"scroll","background-type":"","background-media":"","overlay-type":"","overlay-color":"","overlay-opacity":"","overlay-gradient":""}},"footnotes":""},"class_list":["post-5826","page","type-page","status-publish","hentry"],"yoast_head":"<!-- This site is optimized with the Yoast SEO plugin v27.5 - https:\/\/yoast.com\/product\/yoast-seo-wordpress\/ -->\n<title>My Represented - Jos\u00e9 Miguel Rueda<\/title>\n<meta name=\"description\" content=\"My Represented -\" \/>\n<meta name=\"robots\" content=\"index, follow, max-snippet:-1, max-image-preview:large, max-video-preview:-1\" \/>\n<link rel=\"canonical\" href=\"https:\/\/rgsalesagent.com\/mis-representadas\/\" \/>\n<meta property=\"og:locale\" content=\"en_US\" \/>\n<meta property=\"og:type\" content=\"article\" \/>\n<meta property=\"og:title\" content=\"My Represented - Jos\u00e9 Miguel Rueda\" \/>\n<meta property=\"og:description\" content=\"My Represented -\" \/>\n<meta property=\"og:url\" content=\"https:\/\/rgsalesagent.com\/mis-representadas\/\" \/>\n<meta property=\"og:site_name\" content=\"Jos\u00e9 Miguel Rueda\" \/>\n<meta property=\"article:modified_time\" content=\"2026-03-05T13:04:46+00:00\" \/>\n<meta property=\"og:image\" content=\"https:\/\/rgsalesagent.com\/wp-content\/uploads\/2023\/11\/AculpaLogo-2.jpg\" \/>\n<meta name=\"twitter:card\" content=\"summary_large_image\" \/>\n<meta name=\"twitter:label1\" content=\"Est. reading time\" \/>\n\t<meta name=\"twitter:data1\" content=\"2 minutes\" \/>\n<script type=\"application\/ld+json\" class=\"yoast-schema-graph\">{\"@context\":\"https:\\\/\\\/schema.org\",\"@graph\":[{\"@type\":\"WebPage\",\"@id\":\"https:\\\/\\\/rgsalesagent.com\\\/mis-representadas\\\/\",\"url\":\"https:\\\/\\\/rgsalesagent.com\\\/mis-representadas\\\/\",\"name\":\"My Represented - Jos\u00e9 Miguel Rueda\",\"isPartOf\":{\"@id\":\"https:\\\/\\\/rgsalesagent.com\\\/#website\"},\"primaryImageOfPage\":{\"@id\":\"https:\\\/\\\/rgsalesagent.com\\\/mis-representadas\\\/#primaryimage\"},\"image\":{\"@id\":\"https:\\\/\\\/rgsalesagent.com\\\/mis-representadas\\\/#primaryimage\"},\"thumbnailUrl\":\"https:\\\/\\\/rgsalesagent.com\\\/wp-content\\\/uploads\\\/2023\\\/11\\\/AculpaLogo-2.jpg\",\"datePublished\":\"2023-08-14T14:12:58+00:00\",\"dateModified\":\"2026-03-05T13:04:46+00:00\",\"description\":\"My Represented -\",\"breadcrumb\":{\"@id\":\"https:\\\/\\\/rgsalesagent.com\\\/mis-representadas\\\/#breadcrumb\"},\"inLanguage\":\"en-US\",\"potentialAction\":[{\"@type\":\"ReadAction\",\"target\":[\"https:\\\/\\\/rgsalesagent.com\\\/mis-representadas\\\/\"]}]},{\"@type\":\"ImageObject\",\"inLanguage\":\"en-US\",\"@id\":\"https:\\\/\\\/rgsalesagent.com\\\/mis-representadas\\\/#primaryimage\",\"url\":\"https:\\\/\\\/rgsalesagent.com\\\/wp-content\\\/uploads\\\/2023\\\/11\\\/AculpaLogo-2.jpg\",\"contentUrl\":\"https:\\\/\\\/rgsalesagent.com\\\/wp-content\\\/uploads\\\/2023\\\/11\\\/AculpaLogo-2.jpg\"},{\"@type\":\"BreadcrumbList\",\"@id\":\"https:\\\/\\\/rgsalesagent.com\\\/mis-representadas\\\/#breadcrumb\",\"itemListElement\":[{\"@type\":\"ListItem\",\"position\":1,\"name\":\"Portada\",\"item\":\"https:\\\/\\\/rgsalesagent.com\\\/en\\\/\"},{\"@type\":\"ListItem\",\"position\":2,\"name\":\"My Represented\"}]},{\"@type\":\"WebSite\",\"@id\":\"https:\\\/\\\/rgsalesagent.com\\\/#website\",\"url\":\"https:\\\/\\\/rgsalesagent.com\\\/\",\"name\":\"Agente Comercial - Jose Manuel Rueda Garc\u00eda\",\"description\":\"Jos\u00e9 Miguel Rueda, agente comercial con m\u00e1s de 20 a\u00f1os de experiencia en el sector.\",\"publisher\":{\"@id\":\"https:\\\/\\\/rgsalesagent.com\\\/#organization\"},\"potentialAction\":[{\"@type\":\"SearchAction\",\"target\":{\"@type\":\"EntryPoint\",\"urlTemplate\":\"https:\\\/\\\/rgsalesagent.com\\\/?s={search_term_string}\"},\"query-input\":{\"@type\":\"PropertyValueSpecification\",\"valueRequired\":true,\"valueName\":\"search_term_string\"}}],\"inLanguage\":\"en-US\"},{\"@type\":\"Organization\",\"@id\":\"https:\\\/\\\/rgsalesagent.com\\\/#organization\",\"name\":\"Agente Comercial - Jose Manuel Rueda Garc\u00eda\",\"url\":\"https:\\\/\\\/rgsalesagent.com\\\/\",\"logo\":{\"@type\":\"ImageObject\",\"inLanguage\":\"en-US\",\"@id\":\"https:\\\/\\\/rgsalesagent.com\\\/#\\\/schema\\\/logo\\\/image\\\/\",\"url\":\"https:\\\/\\\/rgsalesagent.com\\\/wp-content\\\/uploads\\\/2023\\\/06\\\/Logo-horizontal-fondo-blanco.jpg\",\"contentUrl\":\"https:\\\/\\\/rgsalesagent.com\\\/wp-content\\\/uploads\\\/2023\\\/06\\\/Logo-horizontal-fondo-blanco.jpg\",\"width\":950,\"height\":400,\"caption\":\"Agente Comercial - Jose Manuel Rueda Garc\u00eda\"},\"image\":{\"@id\":\"https:\\\/\\\/rgsalesagent.com\\\/#\\\/schema\\\/logo\\\/image\\\/\"},\"sameAs\":[\"https:\\\/\\\/www.linkedin.com\\\/in\\\/jmruedagarca\\\/\"]}]}<\/script>\n<!-- \/ Yoast SEO plugin. -->","yoast_head_json":{"title":"My Represented - Jos\u00e9 Miguel Rueda","description":"My Represented -","robots":{"index":"index","follow":"follow","max-snippet":"max-snippet:-1","max-image-preview":"max-image-preview:large","max-video-preview":"max-video-preview:-1"},"canonical":"https:\/\/rgsalesagent.com\/mis-representadas\/","og_locale":"en_US","og_type":"article","og_title":"My Represented - Jos\u00e9 Miguel Rueda","og_description":"My Represented -","og_url":"https:\/\/rgsalesagent.com\/mis-representadas\/","og_site_name":"Jos\u00e9 Miguel Rueda","article_modified_time":"2026-03-05T13:04:46+00:00","og_image":[{"url":"https:\/\/rgsalesagent.com\/wp-content\/uploads\/2023\/11\/AculpaLogo-2.jpg","type":"","width":"","height":""}],"twitter_card":"summary_large_image","twitter_misc":{"Est. reading time":"2 minutes"},"schema":{"@context":"https:\/\/schema.org","@graph":[{"@type":"WebPage","@id":"https:\/\/rgsalesagent.com\/mis-representadas\/","url":"https:\/\/rgsalesagent.com\/mis-representadas\/","name":"My Represented - Jos\u00e9 Miguel Rueda","isPartOf":{"@id":"https:\/\/rgsalesagent.com\/#website"},"primaryImageOfPage":{"@id":"https:\/\/rgsalesagent.com\/mis-representadas\/#primaryimage"},"image":{"@id":"https:\/\/rgsalesagent.com\/mis-representadas\/#primaryimage"},"thumbnailUrl":"https:\/\/rgsalesagent.com\/wp-content\/uploads\/2023\/11\/AculpaLogo-2.jpg","datePublished":"2023-08-14T14:12:58+00:00","dateModified":"2026-03-05T13:04:46+00:00","description":"My Represented -","breadcrumb":{"@id":"https:\/\/rgsalesagent.com\/mis-representadas\/#breadcrumb"},"inLanguage":"en-US","potentialAction":[{"@type":"ReadAction","target":["https:\/\/rgsalesagent.com\/mis-representadas\/"]}]},{"@type":"ImageObject","inLanguage":"en-US","@id":"https:\/\/rgsalesagent.com\/mis-representadas\/#primaryimage","url":"https:\/\/rgsalesagent.com\/wp-content\/uploads\/2023\/11\/AculpaLogo-2.jpg","contentUrl":"https:\/\/rgsalesagent.com\/wp-content\/uploads\/2023\/11\/AculpaLogo-2.jpg"},{"@type":"BreadcrumbList","@id":"https:\/\/rgsalesagent.com\/mis-representadas\/#breadcrumb","itemListElement":[{"@type":"ListItem","position":1,"name":"Portada","item":"https:\/\/rgsalesagent.com\/en\/"},{"@type":"ListItem","position":2,"name":"My Represented"}]},{"@type":"WebSite","@id":"https:\/\/rgsalesagent.com\/#website","url":"https:\/\/rgsalesagent.com\/","name":"Agente Comercial - Jose Manuel Rueda Garc\u00eda","description":"Jos\u00e9 Miguel Rueda, agente comercial con m\u00e1s de 20 a\u00f1os de experiencia en el sector.","publisher":{"@id":"https:\/\/rgsalesagent.com\/#organization"},"potentialAction":[{"@type":"SearchAction","target":{"@type":"EntryPoint","urlTemplate":"https:\/\/rgsalesagent.com\/?s={search_term_string}"},"query-input":{"@type":"PropertyValueSpecification","valueRequired":true,"valueName":"search_term_string"}}],"inLanguage":"en-US"},{"@type":"Organization","@id":"https:\/\/rgsalesagent.com\/#organization","name":"Agente Comercial - Jose Manuel Rueda Garc\u00eda","url":"https:\/\/rgsalesagent.com\/","logo":{"@type":"ImageObject","inLanguage":"en-US","@id":"https:\/\/rgsalesagent.com\/#\/schema\/logo\/image\/","url":"https:\/\/rgsalesagent.com\/wp-content\/uploads\/2023\/06\/Logo-horizontal-fondo-blanco.jpg","contentUrl":"https:\/\/rgsalesagent.com\/wp-content\/uploads\/2023\/06\/Logo-horizontal-fondo-blanco.jpg","width":950,"height":400,"caption":"Agente Comercial - Jose Manuel Rueda Garc\u00eda"},"image":{"@id":"https:\/\/rgsalesagent.com\/#\/schema\/logo\/image\/"},"sameAs":["https:\/\/www.linkedin.com\/in\/jmruedagarca\/"]}]}},"brizy_media":[{"id":9160,"url":"https:\/\/rgsalesagent.com\/wp-content\/uploads\/2026\/03\/logo.png","name":"logo.png","meta":{"brizy_attachment_uid":"wp-7a2f64319a7591a7ab195af61b91abac.png","brizy_post_uid":["c24d31ff3f8d7b7ae9c27c1c267c6fde"]}},{"id":9169,"url":"https:\/\/rgsalesagent.com\/wp-content\/uploads\/2026\/03\/Diseno-sin-titulo-41.png","name":"Diseno-sin-titulo-41.png","meta":{"brizy_attachment_uid":"wp-86beeb636885f74af5ef3434e514d8ae.png","brizy_post_uid":["c24d31ff3f8d7b7ae9c27c1c267c6fde"]}}],"_links":{"self":[{"href":"https:\/\/rgsalesagent.com\/en\/wp-json\/wp\/v2\/pages\/5826","targetHints":{"allow":["GET"]}}],"collection":[{"href":"https:\/\/rgsalesagent.com\/en\/wp-json\/wp\/v2\/pages"}],"about":[{"href":"https:\/\/rgsalesagent.com\/en\/wp-json\/wp\/v2\/types\/page"}],"author":[{"embeddable":true,"href":"https:\/\/rgsalesagent.com\/en\/wp-json\/wp\/v2\/users\/3"}],"replies":[{"embeddable":true,"href":"https:\/\/rgsalesagent.com\/en\/wp-json\/wp\/v2\/comments?post=5826"}],"version-history":[{"count":5,"href":"https:\/\/rgsalesagent.com\/en\/wp-json\/wp\/v2\/pages\/5826\/revisions"}],"predecessor-version":[{"id":9182,"href":"https:\/\/rgsalesagent.com\/en\/wp-json\/wp\/v2\/pages\/5826\/revisions\/9182"}],"wp:attachment":[{"href":"https:\/\/rgsalesagent.com\/en\/wp-json\/wp\/v2\/media?parent=5826"}],"curies":[{"name":"wp","href":"https:\/\/api.w.org\/{rel}","templated":true}]}}