{"id":6202,"date":"2023-08-10T10:45:51","date_gmt":"2023-08-10T10:45:51","guid":{"rendered":"https:\/\/rgsalesagent.com\/?page_id=6202"},"modified":"2026-03-05T19:00:48","modified_gmt":"2026-03-05T19:00:48","slug":"cookies-policy","status":"publish","type":"page","link":"https:\/\/rgsalesagent.com\/en\/cookies-policy\/","title":{"rendered":"Cookies Policy"},"content":{"rendered":"<div class=\"brz-root__container brz-reset-all brz brz-root__container-page\">\n<section id=\"_thsuhfemnqvkkftfkbxgusiuusmjgoccpeoy\" class=\"brz-section brz-css-m9fbg7\">\n<div class=\"brz-section__content brz-section--boxed brz-css-e6xoo4 brz-css-e1g7a5\" data-brz-custom-id=\"mtghdzjjzjdsportqhivhzdmlhsyuauxtwvh\">\n<div class=\"brz-container brz-css-1pvlt7k\">\n<div id=\"\" class=\"brz-css-5xxdpo brz-css-nrwamh brz-wrapper\">\n<div class=\"brz-rich-text brz-rich-text__custom brz-css-tke3dz\" data-brz-custom-id=\"kspvghkbfpfmduogzhpnxoxdobocpeinspib\">\n<div data-brz-translate-text=\"1\">\n<h1 class=\"brz-tp-lg-heading1 brz-text-lg-center brz-css-grgqO\" data-uniq-id=\"gM2UP\" data-generated-css=\"brz-css-adftu\"><span class=\"brz-cp-color3\">Cookies Policy<\/span><\/h1>\n<\/div>\n<\/div>\n<\/div>\n<div id=\"\" class=\"brz-css-5xxdpo brz-wrapper\">\n<div class=\"brz-line brz-line-default brz-css-eu7oud brz-css-axwhtp\" data-brz-custom-id=\"kqmbrhkvfafjnjmzjhhsifztmmtubdiozlzb\">\n<hr class=\"brz-hr\"><\/div>\n<\/div>\n<div id=\"\" class=\"brz-css-5xxdpo brz-wrapper\">\n<div class=\"brz-rich-text brz-rich-text__custom brz-css-tke3dz\" data-brz-custom-id=\"uvandutvknxxevglmeerbiqkiiqxufxwrzwp\">\n<div data-brz-translate-text=\"1\">\n<p class=\"brz-tp-lg-paragraph brz-css-xiCOn\" data-uniq-id=\"zP6Iz\" data-generated-css=\"brz-css-kiTmP\">Web: https:\/\/rgsalesagent.com<\/p>\n<p class=\"brz-tp-lg-paragraph brz-css-bFfea\" data-uniq-id=\"poe4E\" data-generated-css=\"brz-css-x0TJc\"><\/p>\n<p class=\"brz-tp-lg-paragraph brz-css-cdUqe\" data-uniq-id=\"gyrr1\" data-generated-css=\"brz-css-bs6Ns\">Access to this website may involve the use of cookies. Cookies are small amounts of information stored in the browser used by each User, on the different devices they may use to browse, so that the server remembers certain information that will later only be read by the server that implemented them. Cookies make browsing easier, more user-friendly and do not damage the browsing device.<\/p>\n<p class=\"brz-tp-lg-paragraph brz-css-gcy_c\" data-uniq-id=\"awJw6\" data-generated-css=\"brz-css-mvjdi\"><\/p>\n<p class=\"brz-tp-lg-paragraph brz-css-erK9c\" data-uniq-id=\"gd7Ax\" data-generated-css=\"brz-css-r7tiw\">Cookies are automatic procedures for collecting information related to the preferences determined by the User during their visit to the Website to recognize them as a User, personalize their experience and use of the Website, and can also, for example, help identify and resolve errors.<\/p>\n<p class=\"brz-tp-lg-paragraph brz-css-f7YR8\" data-uniq-id=\"v4ZDm\" data-generated-css=\"brz-css-kat7X\"><\/p>\n<p class=\"brz-tp-lg-paragraph brz-css-oEmaN\" data-uniq-id=\"u9vVv\" data-generated-css=\"brz-css-ahDYg\">Information collected through cookies may include the date and time of visits to the Website, the pages viewed, the time spent on the Website, and the sites visited just before and after. However, no cookie allows this information to contact the User&#8217;s telephone number or any other means of personal contact. No cookie can extract information from the User&#8217;s hard drive or steal personal information. The only way the User&#8217;s private information can be part of the cookie file is for the User to personally provide that information to the server.<\/p>\n<p class=\"brz-tp-lg-paragraph brz-css-bZVcU\" data-uniq-id=\"vdUvB\" data-generated-css=\"brz-css-aXVLy\"><\/p>\n<p class=\"brz-tp-lg-paragraph brz-css-wJr_d\" data-uniq-id=\"jTFzW\" data-generated-css=\"brz-css-nMcgX\">Cookies that allow a person to be identified are considered personal data. Therefore, the Privacy Policy described above applies to them. To use these cookies, the User&#8217;s consent is necessary. This consent will be communicated based on a genuine choice, offered through an affirmative and positive decision, before initial processing, and can be withdrawn and documented.<\/p>\n<p class=\"brz-tp-lg-paragraph brz-css-qgEyg\" data-uniq-id=\"b2D1B\" data-generated-css=\"brz-css-dObGp\"><\/p>\n<p class=\"brz-tp-lg-paragraph brz-css-joAtR\" data-uniq-id=\"zuTME\" data-generated-css=\"brz-css-c9bQH\"><\/p>\n<p class=\"brz-tp-lg-paragraph brz-css-dg4dC\" data-uniq-id=\"fEbAq\" data-generated-css=\"brz-css-hcUoG\">First party cookies<\/p>\n<p class=\"brz-tp-lg-paragraph brz-css-tzxJE\" data-uniq-id=\"hd0Am\" data-generated-css=\"brz-css-iDBic\"><\/p>\n<p class=\"brz-tp-lg-paragraph brz-css-wRtWx\" data-uniq-id=\"ohg6p\" data-generated-css=\"brz-css-qTd0b\">These are cookies that are sent to the User&#8217;s computer or device and are managed exclusively by JOS\u00c9 MIGUEL RUEDA GARC\u00cdA for the optimal functioning of the Website. The information collected is used to improve the quality of the Website, its content and the User experience. These cookies allow us to recognize the User as a recurring visitor to the Website and adapt the content to offer materials that adapt to their preferences.<\/p>\n<p class=\"brz-tp-lg-paragraph brz-css-nfTi9\" data-uniq-id=\"xHttl\" data-generated-css=\"brz-css-eT3F6\"><\/p>\n<p class=\"brz-tp-lg-paragraph brz-css-aOl0K\" data-uniq-id=\"dtSpK\" data-generated-css=\"brz-css-xsK5J\"><\/p>\n<p class=\"brz-tp-lg-paragraph brz-css-reQF_\" data-uniq-id=\"vPRJK\" data-generated-css=\"brz-css-ld5ye\">Third party cookies<\/p>\n<p class=\"brz-tp-lg-paragraph brz-css-jNqtS\" data-uniq-id=\"vheo_\" data-generated-css=\"brz-css-a0EKj\"><\/p>\n<p class=\"brz-tp-lg-paragraph brz-css-hu4xP\" data-uniq-id=\"xP41f\" data-generated-css=\"brz-css-l0T_X\">These are cookies used and managed by external entities that provide services to JOS\u00c9 MIGUEL RUEDA GARC\u00cdA to improve the Website and the user experience while browsing the Website. The main objectives for the use of third-party cookies are to obtain access statistics and analyze navigation information, that is, how the User interacts with the Website.<\/p>\n<p class=\"brz-tp-lg-paragraph brz-css-e2lhH\" data-uniq-id=\"o9idB\" data-generated-css=\"brz-css-xeEJK\"><\/p>\n<p class=\"brz-tp-lg-paragraph brz-css-pr3es\" data-uniq-id=\"vnQp3\" data-generated-css=\"brz-css-zM4qM\">The information obtained refers, for example, to the number of pages visited, the language, the location of the IP address from which the User accesses, the number of Users who access, the frequency and repetition of visits, the duration of the visit. visit, the browser they use, the operator or type of device from which the visit is made. This information is used to improve the Website and identify new needs to offer Users content and\/or services of optimal quality. In any case, the information is collected anonymously and Website trend reports are generated without identifying individual users.<\/p>\n<p class=\"brz-tp-lg-paragraph brz-css-oHJln\" data-uniq-id=\"tZdYX\" data-generated-css=\"brz-css-nyAf8\"><\/p>\n<p class=\"brz-tp-lg-paragraph brz-css-ho5af\" data-uniq-id=\"y9jOF\" data-generated-css=\"brz-css-uZM2R\">You can obtain more information about cookies, privacy information or consult the description of the type of cookies used, their main characteristics, expiration period, etc., at the following link (or links):<\/p>\n<p class=\"brz-tp-lg-paragraph brz-css-zliii\" data-uniq-id=\"dzG7Q\" data-generated-css=\"brz-css-ehavd\"><\/p>\n<p class=\"brz-tp-lg-paragraph brz-css-t2o7k\" data-uniq-id=\"mtYzd\" data-generated-css=\"brz-css-t9Zx_\">Google Analytics: https:\/\/developers.google.com\/analytics\/<\/p>\n<p class=\"brz-tp-lg-paragraph brz-css-gUsLf\" data-uniq-id=\"bKE7u\" data-generated-css=\"brz-css-rEhxV\"><\/p>\n<p class=\"brz-tp-lg-paragraph brz-css-v1Azg\" data-uniq-id=\"ra5MH\" data-generated-css=\"brz-css-yacrr\">The entity(ies) responsible for providing cookies may share this information with third parties, where required by law or where a third party processes this information for these entities.<\/p>\n<p class=\"brz-tp-lg-paragraph brz-css-dhPRZ\" data-uniq-id=\"xkxMB\" data-generated-css=\"brz-css-ePfxT\"><\/p>\n<p class=\"brz-tp-lg-paragraph brz-css-bXWVS\" data-uniq-id=\"d2HNc\" data-generated-css=\"brz-css-mJbhJ\"><\/p>\n<p class=\"brz-tp-lg-paragraph brz-css-lvPML\" data-uniq-id=\"fPXa1\" data-generated-css=\"brz-css-khuIA\">Social media cookies<\/p>\n<p class=\"brz-tp-lg-paragraph brz-css-eeiCC\" data-uniq-id=\"bWNO3\" data-generated-css=\"brz-css-oubeU\"><\/p>\n<p class=\"brz-tp-lg-paragraph brz-css-n0shQ\" data-uniq-id=\"jzglF\" data-generated-css=\"brz-css-vm2db\">JOS\u00c9 MIGUEL RUEDA GARC\u00cdA incorporates social network plugins that allow access to these networks from the Website. For this reason, social network cookies may be stored in the User&#8217;s browser. The owners of these social networks have their own data protection and cookie policies and are themselves, in each case, responsible for their own files and privacy practices. The User must consult them to learn about these cookies and, if applicable, the processing of their personal data. For informational purposes only, the following links are provided where you can consult these privacy and\/or cookie policies:<\/p>\n<p class=\"brz-tp-lg-paragraph brz-css-qcT7L\" data-uniq-id=\"sjNaA\" data-generated-css=\"brz-css-ptoNK\"><\/p>\n<p class=\"brz-tp-lg-paragraph brz-css-t_Kkr\" data-uniq-id=\"rMbHw\" data-generated-css=\"brz-css-uA8rl\">\u2022 Facebook: https:\/\/www.facebook.com\/policies\/cookies\/<\/p>\n<p class=\"brz-tp-lg-paragraph brz-css-sTKMW\" data-uniq-id=\"ygOfQ\" data-generated-css=\"brz-css-luKQy\">\u2022 Twitter: https:\/\/twitter.com\/es\/privacy<\/p>\n<p class=\"brz-tp-lg-paragraph brz-css-usbZY\" data-uniq-id=\"qdKa1\" data-generated-css=\"brz-css-wmSC7\">\u2022 Instagram: https:\/\/help.instagram.com\/1896641480634370?ref=ig<\/p>\n<p class=\"brz-tp-lg-paragraph brz-css-cBVQT\" data-uniq-id=\"nC7UP\" data-generated-css=\"brz-css-bYau3\">\u2022 YouTube: https:\/\/policies.google.com\/privacy?hl=es-419&amp;gl=mx<\/p>\n<p class=\"brz-tp-lg-paragraph brz-css-iCKC1\" data-uniq-id=\"biIEx\" data-generated-css=\"brz-css-cd79h\">\u2022 Pinterest: https:\/\/policy.pinterest.com\/es\/privacy-policy<\/p>\n<p class=\"brz-tp-lg-paragraph brz-css-ihmKF\" data-uniq-id=\"m5pIZ\" data-generated-css=\"brz-css-ycdhj\">\u2022 LinkedIn: https:\/\/www.linkedin.com\/legal\/cookie-policy?trk=hp-cookies<\/p>\n<p class=\"brz-tp-lg-paragraph brz-css-zyR3t\" data-uniq-id=\"uuVWK\" data-generated-css=\"brz-css-xYCQ4\"><\/p>\n<p class=\"brz-tp-lg-paragraph brz-css-neqpE\" data-uniq-id=\"eK_Ma\" data-generated-css=\"brz-css-uftUV\">Deactivate, reject and delete cookies<\/p>\n<p class=\"brz-tp-lg-paragraph brz-css-xc2yd\" data-uniq-id=\"zglwk\" data-generated-css=\"brz-css-fFDAm\"><\/p>\n<p class=\"brz-tp-lg-paragraph brz-css-rdQNm\" data-uniq-id=\"yCjPh\" data-generated-css=\"brz-css-ucVLb\">The User can deactivate, reject and delete cookies, either in whole or in part, installed on their device by configuring their browser (such as Chrome, Firefox, Safari, Explorer, etc.). In this sense, the procedures for rejecting and deleting cookies may differ from one Internet browser to another. As a result, the User must consult the instructions provided by the Internet browser he is using. In case the use of cookies is rejected, either in whole or in part, the User can still use the Website; however, your ability to use some of its features may be limited.<\/p>\n<\/div>\n<\/div>\n<\/div>\n<\/div>\n<\/div>\n<\/section>\n<\/div>\n<p>    <!-- version:1737216772 --><\/p>\n","protected":false},"excerpt":{"rendered":"<p>Cookies Policy Web: https:\/\/rgsalesagent.com Access to this website may involve the use of cookies. Cookies are small amounts of information stored in the browser used by each User, on the different devices they may use to browse, so that the server remembers certain information that will later only be read by the server that implemented [&hellip;]<\/p>\n","protected":false},"author":3,"featured_media":0,"parent":0,"menu_order":0,"comment_status":"closed","ping_status":"closed","template":"brizy-blank-template.php","meta":{"site-sidebar-layout":"default","site-content-layout":"","ast-site-content-layout":"default","site-content-style":"default","site-sidebar-style":"default","ast-global-header-display":"","ast-banner-title-visibility":"","ast-main-header-display":"","ast-hfb-above-header-display":"","ast-hfb-below-header-display":"","ast-hfb-mobile-header-display":"","site-post-title":"","ast-breadcrumbs-content":"","ast-featured-img":"","footer-sml-layout":"","ast-disable-related-posts":"","theme-transparent-header-meta":"default","adv-header-id-meta":"","stick-header-meta":"","header-above-stick-meta":"","header-main-stick-meta":"","header-below-stick-meta":"","astra-migrate-meta-layouts":"set","ast-page-background-enabled":"default","ast-page-background-meta":{"desktop":{"background-color":"var(--ast-global-color-4)","background-image":"","background-repeat":"repeat","background-position":"center center","background-size":"auto","background-attachment":"scroll","background-type":"","background-media":"","overlay-type":"","overlay-color":"","overlay-opacity":"","overlay-gradient":""},"tablet":{"background-color":"","background-image":"","background-repeat":"repeat","background-position":"center center","background-size":"auto","background-attachment":"scroll","background-type":"","background-media":"","overlay-type":"","overlay-color":"","overlay-opacity":"","overlay-gradient":""},"mobile":{"background-color":"","background-image":"","background-repeat":"repeat","background-position":"center center","background-size":"auto","background-attachment":"scroll","background-type":"","background-media":"","overlay-type":"","overlay-color":"","overlay-opacity":"","overlay-gradient":""}},"ast-content-background-meta":{"desktop":{"background-color":"var(--ast-global-color-5)","background-image":"","background-repeat":"repeat","background-position":"center center","background-size":"auto","background-attachment":"scroll","background-type":"","background-media":"","overlay-type":"","overlay-color":"","overlay-opacity":"","overlay-gradient":""},"tablet":{"background-color":"var(--ast-global-color-5)","background-image":"","background-repeat":"repeat","background-position":"center center","background-size":"auto","background-attachment":"scroll","background-type":"","background-media":"","overlay-type":"","overlay-color":"","overlay-opacity":"","overlay-gradient":""},"mobile":{"background-color":"var(--ast-global-color-5)","background-image":"","background-repeat":"repeat","background-position":"center center","background-size":"auto","background-attachment":"scroll","background-type":"","background-media":"","overlay-type":"","overlay-color":"","overlay-opacity":"","overlay-gradient":""}},"footnotes":""},"class_list":["post-6202","page","type-page","status-publish","hentry"],"yoast_head":"<!-- This site is optimized with the Yoast SEO plugin v27.3 - https:\/\/yoast.com\/product\/yoast-seo-wordpress\/ -->\n<title>Cookies Policy - Jos\u00e9 Miguel Rueda<\/title>\n<meta name=\"description\" content=\"Cookies Policy -\" \/>\n<meta name=\"robots\" content=\"index, follow, max-snippet:-1, max-image-preview:large, max-video-preview:-1\" \/>\n<link rel=\"canonical\" href=\"https:\/\/rgsalesagent.com\/en\/cookies-policy\/\" \/>\n<meta property=\"og:locale\" content=\"en_US\" \/>\n<meta property=\"og:type\" content=\"article\" \/>\n<meta property=\"og:title\" content=\"Cookies Policy - Jos\u00e9 Miguel Rueda\" \/>\n<meta property=\"og:description\" content=\"Cookies Policy -\" \/>\n<meta property=\"og:url\" content=\"https:\/\/rgsalesagent.com\/en\/cookies-policy\/\" \/>\n<meta property=\"og:site_name\" content=\"Jos\u00e9 Miguel Rueda\" \/>\n<meta property=\"article:modified_time\" content=\"2026-03-05T19:00:48+00:00\" \/>\n<meta property=\"og:image\" content=\"https:\/\/rgsalesagent.com\/wp-content\/uploads\/2023\/06\/Logo-horizontal-fondo-blanco-e1697626046756.jpg\" \/>\n\t<meta property=\"og:image:width\" content=\"723\" \/>\n\t<meta property=\"og:image:height\" content=\"251\" \/>\n\t<meta property=\"og:image:type\" content=\"image\/jpeg\" \/>\n<meta name=\"twitter:card\" content=\"summary_large_image\" \/>\n<meta name=\"twitter:label1\" content=\"Est. reading time\" \/>\n\t<meta name=\"twitter:data1\" content=\"5 minutes\" \/>\n<script type=\"application\/ld+json\" class=\"yoast-schema-graph\">{\"@context\":\"https:\\\/\\\/schema.org\",\"@graph\":[{\"@type\":\"WebPage\",\"@id\":\"https:\\\/\\\/rgsalesagent.com\\\/en\\\/cookies-policy\\\/\",\"url\":\"https:\\\/\\\/rgsalesagent.com\\\/en\\\/cookies-policy\\\/\",\"name\":\"Cookies Policy - Jos\u00e9 Miguel Rueda\",\"isPartOf\":{\"@id\":\"https:\\\/\\\/rgsalesagent.com\\\/#website\"},\"datePublished\":\"2023-08-10T10:45:51+00:00\",\"dateModified\":\"2026-03-05T19:00:48+00:00\",\"description\":\"Cookies Policy -\",\"breadcrumb\":{\"@id\":\"https:\\\/\\\/rgsalesagent.com\\\/en\\\/cookies-policy\\\/#breadcrumb\"},\"inLanguage\":\"en-US\",\"potentialAction\":[{\"@type\":\"ReadAction\",\"target\":[\"https:\\\/\\\/rgsalesagent.com\\\/en\\\/cookies-policy\\\/\"]}]},{\"@type\":\"BreadcrumbList\",\"@id\":\"https:\\\/\\\/rgsalesagent.com\\\/en\\\/cookies-policy\\\/#breadcrumb\",\"itemListElement\":[{\"@type\":\"ListItem\",\"position\":1,\"name\":\"Portada\",\"item\":\"https:\\\/\\\/rgsalesagent.com\\\/en\\\/\"},{\"@type\":\"ListItem\",\"position\":2,\"name\":\"Cookies Policy\"}]},{\"@type\":\"WebSite\",\"@id\":\"https:\\\/\\\/rgsalesagent.com\\\/#website\",\"url\":\"https:\\\/\\\/rgsalesagent.com\\\/\",\"name\":\"Agente Comercial - Jose Manuel Rueda Garc\u00eda\",\"description\":\"Jos\u00e9 Miguel Rueda, agente comercial con m\u00e1s de 20 a\u00f1os de experiencia en el sector.\",\"publisher\":{\"@id\":\"https:\\\/\\\/rgsalesagent.com\\\/#organization\"},\"potentialAction\":[{\"@type\":\"SearchAction\",\"target\":{\"@type\":\"EntryPoint\",\"urlTemplate\":\"https:\\\/\\\/rgsalesagent.com\\\/?s={search_term_string}\"},\"query-input\":{\"@type\":\"PropertyValueSpecification\",\"valueRequired\":true,\"valueName\":\"search_term_string\"}}],\"inLanguage\":\"en-US\"},{\"@type\":\"Organization\",\"@id\":\"https:\\\/\\\/rgsalesagent.com\\\/#organization\",\"name\":\"Agente Comercial - Jose Manuel Rueda Garc\u00eda\",\"url\":\"https:\\\/\\\/rgsalesagent.com\\\/\",\"logo\":{\"@type\":\"ImageObject\",\"inLanguage\":\"en-US\",\"@id\":\"https:\\\/\\\/rgsalesagent.com\\\/#\\\/schema\\\/logo\\\/image\\\/\",\"url\":\"https:\\\/\\\/rgsalesagent.com\\\/wp-content\\\/uploads\\\/2023\\\/06\\\/Logo-horizontal-fondo-blanco.jpg\",\"contentUrl\":\"https:\\\/\\\/rgsalesagent.com\\\/wp-content\\\/uploads\\\/2023\\\/06\\\/Logo-horizontal-fondo-blanco.jpg\",\"width\":950,\"height\":400,\"caption\":\"Agente Comercial - Jose Manuel Rueda Garc\u00eda\"},\"image\":{\"@id\":\"https:\\\/\\\/rgsalesagent.com\\\/#\\\/schema\\\/logo\\\/image\\\/\"},\"sameAs\":[\"https:\\\/\\\/www.linkedin.com\\\/in\\\/jmruedagarca\\\/\"]}]}<\/script>\n<!-- \/ Yoast SEO plugin. -->","yoast_head_json":{"title":"Cookies Policy - Jos\u00e9 Miguel Rueda","description":"Cookies Policy -","robots":{"index":"index","follow":"follow","max-snippet":"max-snippet:-1","max-image-preview":"max-image-preview:large","max-video-preview":"max-video-preview:-1"},"canonical":"https:\/\/rgsalesagent.com\/en\/cookies-policy\/","og_locale":"en_US","og_type":"article","og_title":"Cookies Policy - Jos\u00e9 Miguel Rueda","og_description":"Cookies Policy -","og_url":"https:\/\/rgsalesagent.com\/en\/cookies-policy\/","og_site_name":"Jos\u00e9 Miguel Rueda","article_modified_time":"2026-03-05T19:00:48+00:00","og_image":[{"width":723,"height":251,"url":"https:\/\/rgsalesagent.com\/wp-content\/uploads\/2023\/06\/Logo-horizontal-fondo-blanco-e1697626046756.jpg","type":"image\/jpeg"}],"twitter_card":"summary_large_image","twitter_misc":{"Est. reading time":"5 minutes"},"schema":{"@context":"https:\/\/schema.org","@graph":[{"@type":"WebPage","@id":"https:\/\/rgsalesagent.com\/en\/cookies-policy\/","url":"https:\/\/rgsalesagent.com\/en\/cookies-policy\/","name":"Cookies Policy - Jos\u00e9 Miguel Rueda","isPartOf":{"@id":"https:\/\/rgsalesagent.com\/#website"},"datePublished":"2023-08-10T10:45:51+00:00","dateModified":"2026-03-05T19:00:48+00:00","description":"Cookies Policy -","breadcrumb":{"@id":"https:\/\/rgsalesagent.com\/en\/cookies-policy\/#breadcrumb"},"inLanguage":"en-US","potentialAction":[{"@type":"ReadAction","target":["https:\/\/rgsalesagent.com\/en\/cookies-policy\/"]}]},{"@type":"BreadcrumbList","@id":"https:\/\/rgsalesagent.com\/en\/cookies-policy\/#breadcrumb","itemListElement":[{"@type":"ListItem","position":1,"name":"Portada","item":"https:\/\/rgsalesagent.com\/en\/"},{"@type":"ListItem","position":2,"name":"Cookies Policy"}]},{"@type":"WebSite","@id":"https:\/\/rgsalesagent.com\/#website","url":"https:\/\/rgsalesagent.com\/","name":"Agente Comercial - Jose Manuel Rueda Garc\u00eda","description":"Jos\u00e9 Miguel Rueda, agente comercial con m\u00e1s de 20 a\u00f1os de experiencia en el sector.","publisher":{"@id":"https:\/\/rgsalesagent.com\/#organization"},"potentialAction":[{"@type":"SearchAction","target":{"@type":"EntryPoint","urlTemplate":"https:\/\/rgsalesagent.com\/?s={search_term_string}"},"query-input":{"@type":"PropertyValueSpecification","valueRequired":true,"valueName":"search_term_string"}}],"inLanguage":"en-US"},{"@type":"Organization","@id":"https:\/\/rgsalesagent.com\/#organization","name":"Agente Comercial - Jose Manuel Rueda Garc\u00eda","url":"https:\/\/rgsalesagent.com\/","logo":{"@type":"ImageObject","inLanguage":"en-US","@id":"https:\/\/rgsalesagent.com\/#\/schema\/logo\/image\/","url":"https:\/\/rgsalesagent.com\/wp-content\/uploads\/2023\/06\/Logo-horizontal-fondo-blanco.jpg","contentUrl":"https:\/\/rgsalesagent.com\/wp-content\/uploads\/2023\/06\/Logo-horizontal-fondo-blanco.jpg","width":950,"height":400,"caption":"Agente Comercial - Jose Manuel Rueda Garc\u00eda"},"image":{"@id":"https:\/\/rgsalesagent.com\/#\/schema\/logo\/image\/"},"sameAs":["https:\/\/www.linkedin.com\/in\/jmruedagarca\/"]}]}},"brizy_media":[],"_links":{"self":[{"href":"https:\/\/rgsalesagent.com\/en\/wp-json\/wp\/v2\/pages\/6202","targetHints":{"allow":["GET"]}}],"collection":[{"href":"https:\/\/rgsalesagent.com\/en\/wp-json\/wp\/v2\/pages"}],"about":[{"href":"https:\/\/rgsalesagent.com\/en\/wp-json\/wp\/v2\/types\/page"}],"author":[{"embeddable":true,"href":"https:\/\/rgsalesagent.com\/en\/wp-json\/wp\/v2\/users\/3"}],"replies":[{"embeddable":true,"href":"https:\/\/rgsalesagent.com\/en\/wp-json\/wp\/v2\/comments?post=6202"}],"version-history":[{"count":0,"href":"https:\/\/rgsalesagent.com\/en\/wp-json\/wp\/v2\/pages\/6202\/revisions"}],"wp:attachment":[{"href":"https:\/\/rgsalesagent.com\/en\/wp-json\/wp\/v2\/media?parent=6202"}],"curies":[{"name":"wp","href":"https:\/\/api.w.org\/{rel}","templated":true}]}}