{"id":6500,"date":"2021-12-03T16:01:07","date_gmt":"2021-12-03T16:01:07","guid":{"rendered":"https:\/\/rgsalesagent.com\/?page_id=6500"},"modified":"2026-03-06T18:52:19","modified_gmt":"2026-03-06T18:52:19","slug":"who-i-am","status":"publish","type":"page","link":"https:\/\/rgsalesagent.com\/en\/who-i-am\/","title":{"rendered":"Who I am"},"content":{"rendered":"<div class=\"brz-root__container brz-reset-all brz brz-root__container-page\">\n<section id=\"_lgforpmxzkpfylauyrnzefypzmsucztsnnzl\" class=\"brz-section brz-css-1ftoh30 brz-css-1nknaie\">\n<div class=\"brz-section__content brz-section--fullWidth brz-css-1tfpsfm brz-css-7rovty\" data-brz-custom-id=\"dsjhtjfvsprytkuvrcdlidowlyckyzlepxvn\">\n<div class=\"brz-bg\">\n<div class=\"brz-bg-image\"><\/div>\n<div class=\"brz-bg-color\"><\/div>\n<\/div>\n<div class=\"brz-container brz-css-fhixwh brz-css-804key\">\n<div class=\"brz-row__container brz-css-11qoxz4 brz-css-1wg5ggm\" data-brz-custom-id=\"x9ytprIAxK4l\">\n<div class=\"brz-bg\"><\/div>\n<div class=\"brz-row brz-css-14h4jil brz-css-1r5x69j\">\n<div data-brz-iteration-count=\"1\" class=\"brz-columns brz-css-1o2vy7y brz-css-gs73jj brz-animated brz-css-169wms1 brz-css-1lx1p1z\" data-brz-custom-id=\"cqbbvyasgbpzvedhwyjvpvjfdmitadcvkjgh\">\n<div class=\"brz-bg\">\n<div class=\"brz-bg-image\"><\/div>\n<div class=\"brz-bg-color\"><\/div>\n<\/div>\n<div class=\"brz-column__items brz-css-ptxshh brz-css-12ws76s\">\n<div id=\"\" class=\"brz-css-dnm62l brz-css-c3enk6 brz-wrapper\">\n<div class=\"brz-spacer brz-css-mvvc48 brz-css-12yrzjv\"><\/div>\n<\/div>\n<\/div>\n<\/div>\n<div data-brz-iteration-count=\"1\" class=\"brz-columns brz-css-1o2vy7y brz-css-e0xxri brz-animated brz-css-1i08x76 brz-css-1rz22mm\" data-brz-custom-id=\"htlbtsGAA5Ex\">\n<div class=\"brz-bg\">\n<div class=\"brz-bg-color\"><\/div>\n<\/div>\n<div class=\"brz-column__items brz-css-ptxshh brz-css-1odzaoi\">\n<div id=\"\" class=\"brz-css-dnm62l brz-wrapper\">\n<div class=\"brz-rich-text brz-rich-text__custom brz-css-vlk2xs\" data-brz-custom-id=\"ngd2VqUT66Za\">\n<div data-brz-translate-text=\"1\">\n<h1 class=\"brz-tp-lg-empty brz-ff-oswald brz-ft-google brz-fs-lg-60 brz-fss-lg-px brz-fw-lg-700 brz-ls-lg-0 brz-lh-lg-1 brz-css-vaGSg\" data-generated-css=\"brz-css-iiyxs\" data-uniq-id=\"aU0Xd\"><span class=\"brz-cp-color2\">Industrial sector commercial agent<\/span><\/h1>\n<\/div>\n<\/div>\n<\/div>\n<div id=\"\" class=\"brz-css-dnm62l brz-wrapper\">\n<div class=\"brz-rich-text brz-rich-text__custom brz-css-vlk2xs\" data-brz-custom-id=\"cabSB7gmQW2c\">\n<div data-brz-translate-text=\"1\">\n<h3 class=\"brz-lh-lg-1_4 brz-ls-lg-0 brz-fw-lg-700 brz-fss-lg-px brz-fs-lg-18 brz-ft-google brz-ff-kumbh_sans brz-tp-lg-heading3 brz-css-cHhwh\" data-generated-css=\"brz-css-gWcq6\" data-uniq-id=\"v70Xr\"><strong class=\"brz-cp-color3\">Who I am?<\/strong><\/h3>\n<\/div>\n<\/div>\n<\/div>\n<div id=\"\" class=\"brz-css-dnm62l brz-wrapper\">\n<div class=\"brz-rich-text brz-rich-text__custom brz-css-vlk2xs\" data-brz-custom-id=\"tXv6a_PyatrO\">\n<div data-brz-translate-text=\"1\">\n<h4 class=\"brz-lh-lg-1_5 brz-ls-lg-0 brz-fw-lg-700 brz-fss-lg-px brz-fs-lg-24 brz-ft-google brz-ff-oswald brz-tp-lg-empty brz-css-dgX4t\" data-uniq-id=\"lLjQ3\" data-generated-css=\"brz-css-saO5V\"><span class=\"brz-cp-color7\">Welcome. I am Jos\u00e9 Miguel Rueda Garc\u00eda, a commercial agent with more than 20 years of experience in the industrial sector. <\/span><\/h4>\n<p class=\"brz-tp-lg-paragraph brz-ff-kumbh_sans brz-ft-google brz-fs-lg-16 brz-fss-lg-px brz-fw-lg-400 brz-ls-lg-0 brz-lh-lg-2 brz-css-r1CQ8\" data-uniq-id=\"fvs1C\" data-generated-css=\"brz-css-sueG8\"><span class=\"brz-cp-color7\"> <\/span><\/p>\n<p class=\"brz-tp-lg-paragraph brz-ff-kumbh_sans brz-ft-google brz-fs-lg-16 brz-fss-lg-px brz-fw-lg-400 brz-ls-lg-0 brz-lh-lg-2 brz-css-w3Vw2\" data-uniq-id=\"oRvG_\" data-generated-css=\"brz-css-tqkvZ\"><span class=\"brz-cp-color7\">I am specialized in working with leading companies in various sectors, such as steel manufacturers (Steel), chemical companies, energy companies, oil and gas companies, cement and concrete producers, timber industry, industrial wood processing and dairy companies.<\/span><\/p>\n<p class=\"brz-tp-lg-paragraph brz-ff-kumbh_sans brz-ft-google brz-fs-lg-16 brz-fss-lg-px brz-fw-lg-400 brz-ls-lg-0 brz-lh-lg-2 brz-css-h6HUf\" data-uniq-id=\"gYj4A\" data-generated-css=\"brz-css-hidUx\"><span class=\"brz-cp-color7\"> <\/span><\/p>\n<p class=\"brz-tp-lg-paragraph brz-ff-kumbh_sans brz-ft-google brz-fs-lg-16 brz-fss-lg-px brz-fw-lg-400 brz-ls-lg-0 brz-lh-lg-2 brz-css-pwjd3\" data-uniq-id=\"ob4cR\" data-generated-css=\"brz-css-irgXS\"><span class=\"brz-cp-color7\">I have also worked with machine shops, shipbuilders, turnkey project companies (energy, mining and handling, oil and gas, industrial plants), manufacturers of plastic packaging products, process engineering (aeronautics, automotive, etc. ), industrial automation and robotics, design and manufacturing of capital goods and tools, railway industry, defense and land security.<\/span><\/p>\n<\/div>\n<\/div>\n<\/div>\n<div class=\"brz-wrapper-clone brz-css-wqz8o8\">\n<div class=\"brz-d-xs-flex brz-flex-xs-wrap brz-css-4nf9wi brz-css-husty4\" data-brz-custom-id=\"\">\n<div class=\"brz-wrapper-clone__item\" id=\"wy_rmEwvQRwR\"><a class=\"brz-a brz-btn brz-css-2ou2hn brz-css-1fr8xol brz-css-1h5mxu2 brz-css-b4c97c\" href=\"\" target=\"_self\" rel=\"noopener\" data-brz-link-type=\"page\" data-brz-custom-id=\"wy_rmEwvQRwR\"><span data-brz-translate-text=\"1\" class=\"brz-span brz-text__editor\">CONTACT ME<\/span><\/a><\/div>\n<\/div>\n<\/div>\n<\/div>\n<\/div>\n<\/div>\n<\/div>\n<\/div>\n<\/div>\n<\/section>\n<section id=\"_cQmxnRhS2vxm\" class=\"brz-section brz-css-1ftoh30\">\n<div class=\"brz-section__content brz-section--fullWidth brz-css-1tfpsfm brz-css-1kyvu2u\" data-brz-custom-id=\"kptQhdXGvMrd\">\n<div class=\"brz-container brz-css-fhixwh brz-css-6zsk3m\">\n<div class=\"brz-row__container brz-css-11qoxz4\" data-brz-custom-id=\"mvAIv9HcIT94\">\n<div class=\"brz-bg\"><\/div>\n<div class=\"brz-row brz-css-14h4jil brz-css-150rqs5\">\n<div data-brz-iteration-count=\"1\" class=\"brz-columns brz-css-1o2vy7y brz-css-1wroxk2 brz-animated brz-css-wmmleb brz-css-1smcjve\" data-brz-custom-id=\"oQ6ZM9vubhXZ\">\n<div class=\"brz-bg\">\n<div class=\"brz-bg-image\"><\/div>\n<\/div>\n<div class=\"brz-column__items brz-css-ptxshh brz-css-rbwjku\">\n<div id=\"\" class=\"brz-css-dnm62l brz-css-c3enk6 brz-wrapper\">\n<div class=\"brz-spacer brz-css-mvvc48\"><\/div>\n<\/div>\n<\/div>\n<\/div>\n<div data-brz-iteration-count=\"1\" class=\"brz-columns brz-css-1o2vy7y brz-css-otpblq brz-animated brz-css-1s0al95 brz-css-1y2ls7h\" data-brz-custom-id=\"a9YUIXPW85pe\">\n<div class=\"brz-bg\">\n<div class=\"brz-bg-image\"><\/div>\n<\/div>\n<div class=\"brz-column__items brz-css-ptxshh brz-css-q0joz\">\n<div id=\"\" class=\"brz-css-dnm62l brz-css-c3enk6 brz-wrapper\">\n<div class=\"brz-spacer brz-css-mvvc48 brz-css-djno0u\"><\/div>\n<\/div>\n<\/div>\n<\/div>\n<div data-brz-iteration-count=\"1\" class=\"brz-columns brz-css-1o2vy7y brz-css-12vwluz brz-animated brz-css-1ifnr7c brz-css-1uz8z3o\" data-brz-custom-id=\"mpBzXk30Tpwy\">\n<div class=\"brz-bg\">\n<div class=\"brz-bg-image\"><\/div>\n<\/div>\n<div class=\"brz-column__items brz-css-ptxshh brz-css-51ofm6\">\n<div id=\"\" class=\"brz-css-dnm62l brz-css-c3enk6 brz-wrapper\">\n<div class=\"brz-spacer brz-css-mvvc48 brz-css-weudnw\"><\/div>\n<\/div>\n<\/div>\n<\/div>\n<\/div>\n<\/div>\n<\/div>\n<\/div>\n<\/section>\n<section id=\"_uEcYLAUlQQIa\" class=\"brz-section brz-css-1ftoh30\">\n<div class=\"brz-section__content brz-section--fullWidth brz-css-1tfpsfm brz-css-1v1twnp\" data-brz-custom-id=\"iNTnMS5UOqmg\">\n<div class=\"brz-container brz-css-fhixwh brz-css-17h0r5r\">\n<div class=\"brz-row__container brz-css-11qoxz4\" data-brz-custom-id=\"iJ3Uvi3j54Z1\">\n<div class=\"brz-bg\"><\/div>\n<div class=\"brz-row brz-css-14h4jil brz-css-n0dx3i\">\n<div data-brz-iteration-count=\"1\" class=\"brz-columns brz-css-1o2vy7y brz-css-55677i brz-animated brz-css-1b3czg2 brz-css-k1u28d\" data-brz-custom-id=\"am5kl3Xnzon9\">\n<div class=\"brz-bg\">\n<div class=\"brz-bg-image\"><\/div>\n<\/div>\n<div class=\"brz-column__items brz-css-ptxshh brz-css-1piuz1n\">\n<div id=\"\" class=\"brz-css-dnm62l brz-css-c3enk6 brz-wrapper\">\n<div class=\"brz-spacer brz-css-mvvc48 brz-css-3osdjh\"><\/div>\n<\/div>\n<\/div>\n<\/div>\n<div data-brz-iteration-count=\"1\" class=\"brz-columns brz-css-1o2vy7y brz-css-1qndk5z brz-animated brz-css-ct2vk brz-css-1gz8uiv\" data-brz-custom-id=\"iRXiwPBWhcDX\">\n<div class=\"brz-bg\">\n<div class=\"brz-bg-image\"><\/div>\n<\/div>\n<div class=\"brz-column__items brz-css-ptxshh brz-css-1rptsw3\">\n<div id=\"\" class=\"brz-css-dnm62l brz-css-c3enk6 brz-wrapper\">\n<div class=\"brz-spacer brz-css-mvvc48\"><\/div>\n<\/div>\n<\/div>\n<\/div>\n<div data-brz-iteration-count=\"1\" class=\"brz-columns brz-css-1o2vy7y brz-css-tstge0 brz-animated brz-css-ct2vk brz-css-13libpz\" data-brz-custom-id=\"eA1LGfCowYwW\">\n<div class=\"brz-bg\">\n<div class=\"brz-bg-image\"><\/div>\n<\/div>\n<div class=\"brz-column__items brz-css-ptxshh brz-css-1q7zi2n\">\n<div id=\"\" class=\"brz-css-dnm62l brz-css-c3enk6 brz-wrapper\">\n<div class=\"brz-spacer brz-css-mvvc48\"><\/div>\n<\/div>\n<\/div>\n<\/div>\n<div data-brz-iteration-count=\"1\" class=\"brz-columns brz-css-1o2vy7y brz-css-1oy6sud brz-animated brz-css-12mjfb9 brz-css-1u8u76n\" data-brz-custom-id=\"udhy5VQtL8aV\">\n<div class=\"brz-bg\">\n<div class=\"brz-bg-image\"><\/div>\n<\/div>\n<div class=\"brz-column__items brz-css-ptxshh brz-css-10dpkrm\">\n<div id=\"\" class=\"brz-css-dnm62l brz-css-c3enk6 brz-wrapper\">\n<div class=\"brz-spacer brz-css-mvvc48 brz-css-jwdfl8\"><\/div>\n<\/div>\n<\/div>\n<\/div>\n<\/div>\n<\/div>\n<\/div>\n<\/div>\n<\/section>\n<\/div>\n<p>    <!-- version:1737049573 --><\/p>\n","protected":false},"excerpt":{"rendered":"<p>Industrial sector commercial agent Who I am? Welcome. I am Jos\u00e9 Miguel Rueda Garc\u00eda, a commercial agent with more than 20 years of experience in the industrial sector. I am specialized in working with leading companies in various sectors, such as steel manufacturers (Steel), chemical companies, energy companies, oil and gas companies, cement and concrete [&hellip;]<\/p>\n","protected":false},"author":3,"featured_media":0,"parent":0,"menu_order":0,"comment_status":"closed","ping_status":"closed","template":"brizy-blank-template.php","meta":{"site-sidebar-layout":"default","site-content-layout":"","ast-site-content-layout":"default","site-content-style":"default","site-sidebar-style":"default","ast-global-header-display":"","ast-banner-title-visibility":"","ast-main-header-display":"","ast-hfb-above-header-display":"","ast-hfb-below-header-display":"","ast-hfb-mobile-header-display":"","site-post-title":"","ast-breadcrumbs-content":"","ast-featured-img":"","footer-sml-layout":"","ast-disable-related-posts":"","theme-transparent-header-meta":"","adv-header-id-meta":"","stick-header-meta":"","header-above-stick-meta":"","header-main-stick-meta":"","header-below-stick-meta":"","astra-migrate-meta-layouts":"set","ast-page-background-enabled":"default","ast-page-background-meta":{"desktop":{"background-color":"var(--ast-global-color-4)","background-image":"","background-repeat":"repeat","background-position":"center center","background-size":"auto","background-attachment":"scroll","background-type":"","background-media":"","overlay-type":"","overlay-color":"","overlay-opacity":"","overlay-gradient":""},"tablet":{"background-color":"","background-image":"","background-repeat":"repeat","background-position":"center center","background-size":"auto","background-attachment":"scroll","background-type":"","background-media":"","overlay-type":"","overlay-color":"","overlay-opacity":"","overlay-gradient":""},"mobile":{"background-color":"","background-image":"","background-repeat":"repeat","background-position":"center center","background-size":"auto","background-attachment":"scroll","background-type":"","background-media":"","overlay-type":"","overlay-color":"","overlay-opacity":"","overlay-gradient":""}},"ast-content-background-meta":{"desktop":{"background-color":"var(--ast-global-color-5)","background-image":"","background-repeat":"repeat","background-position":"center center","background-size":"auto","background-attachment":"scroll","background-type":"","background-media":"","overlay-type":"","overlay-color":"","overlay-opacity":"","overlay-gradient":""},"tablet":{"background-color":"var(--ast-global-color-5)","background-image":"","background-repeat":"repeat","background-position":"center center","background-size":"auto","background-attachment":"scroll","background-type":"","background-media":"","overlay-type":"","overlay-color":"","overlay-opacity":"","overlay-gradient":""},"mobile":{"background-color":"var(--ast-global-color-5)","background-image":"","background-repeat":"repeat","background-position":"center center","background-size":"auto","background-attachment":"scroll","background-type":"","background-media":"","overlay-type":"","overlay-color":"","overlay-opacity":"","overlay-gradient":""}},"footnotes":""},"class_list":["post-6500","page","type-page","status-publish","hentry"],"yoast_head":"<!-- This site is optimized with the Yoast SEO plugin v27.4 - https:\/\/yoast.com\/product\/yoast-seo-wordpress\/ -->\n<title>Who I am - Jos\u00e9 Miguel Rueda<\/title>\n<meta name=\"description\" content=\"Who I am -\" \/>\n<meta name=\"robots\" content=\"index, follow, max-snippet:-1, max-image-preview:large, max-video-preview:-1\" \/>\n<link rel=\"canonical\" href=\"https:\/\/rgsalesagent.com\/en\/who-i-am\/\" \/>\n<meta property=\"og:locale\" content=\"en_US\" \/>\n<meta property=\"og:type\" content=\"article\" \/>\n<meta property=\"og:title\" content=\"Who I am - Jos\u00e9 Miguel Rueda\" \/>\n<meta property=\"og:description\" content=\"Who I am -\" \/>\n<meta property=\"og:url\" content=\"https:\/\/rgsalesagent.com\/en\/who-i-am\/\" \/>\n<meta property=\"og:site_name\" content=\"Jos\u00e9 Miguel Rueda\" \/>\n<meta property=\"article:modified_time\" content=\"2026-03-06T18:52:19+00:00\" \/>\n<meta property=\"og:image\" content=\"https:\/\/rgsalesagent.com\/wp-content\/uploads\/2023\/06\/Logo-horizontal-fondo-blanco-e1697626046756.jpg\" \/>\n\t<meta property=\"og:image:width\" content=\"723\" \/>\n\t<meta property=\"og:image:height\" content=\"251\" \/>\n\t<meta property=\"og:image:type\" content=\"image\/jpeg\" \/>\n<meta name=\"twitter:card\" content=\"summary_large_image\" \/>\n<meta name=\"twitter:label1\" content=\"Est. reading time\" \/>\n\t<meta name=\"twitter:data1\" content=\"2 minutes\" \/>\n<script type=\"application\/ld+json\" class=\"yoast-schema-graph\">{\"@context\":\"https:\\\/\\\/schema.org\",\"@graph\":[{\"@type\":\"WebPage\",\"@id\":\"https:\\\/\\\/rgsalesagent.com\\\/en\\\/who-i-am\\\/\",\"url\":\"https:\\\/\\\/rgsalesagent.com\\\/en\\\/who-i-am\\\/\",\"name\":\"Who I am - Jos\u00e9 Miguel Rueda\",\"isPartOf\":{\"@id\":\"https:\\\/\\\/rgsalesagent.com\\\/#website\"},\"datePublished\":\"2021-12-03T16:01:07+00:00\",\"dateModified\":\"2026-03-06T18:52:19+00:00\",\"description\":\"Who I am -\",\"breadcrumb\":{\"@id\":\"https:\\\/\\\/rgsalesagent.com\\\/en\\\/who-i-am\\\/#breadcrumb\"},\"inLanguage\":\"en-US\",\"potentialAction\":[{\"@type\":\"ReadAction\",\"target\":[\"https:\\\/\\\/rgsalesagent.com\\\/en\\\/who-i-am\\\/\"]}]},{\"@type\":\"BreadcrumbList\",\"@id\":\"https:\\\/\\\/rgsalesagent.com\\\/en\\\/who-i-am\\\/#breadcrumb\",\"itemListElement\":[{\"@type\":\"ListItem\",\"position\":1,\"name\":\"Portada\",\"item\":\"https:\\\/\\\/rgsalesagent.com\\\/en\\\/\"},{\"@type\":\"ListItem\",\"position\":2,\"name\":\"Who I am\"}]},{\"@type\":\"WebSite\",\"@id\":\"https:\\\/\\\/rgsalesagent.com\\\/#website\",\"url\":\"https:\\\/\\\/rgsalesagent.com\\\/\",\"name\":\"Agente Comercial - Jose Manuel Rueda Garc\u00eda\",\"description\":\"Jos\u00e9 Miguel Rueda, agente comercial con m\u00e1s de 20 a\u00f1os de experiencia en el sector.\",\"publisher\":{\"@id\":\"https:\\\/\\\/rgsalesagent.com\\\/#organization\"},\"potentialAction\":[{\"@type\":\"SearchAction\",\"target\":{\"@type\":\"EntryPoint\",\"urlTemplate\":\"https:\\\/\\\/rgsalesagent.com\\\/?s={search_term_string}\"},\"query-input\":{\"@type\":\"PropertyValueSpecification\",\"valueRequired\":true,\"valueName\":\"search_term_string\"}}],\"inLanguage\":\"en-US\"},{\"@type\":\"Organization\",\"@id\":\"https:\\\/\\\/rgsalesagent.com\\\/#organization\",\"name\":\"Agente Comercial - Jose Manuel Rueda Garc\u00eda\",\"url\":\"https:\\\/\\\/rgsalesagent.com\\\/\",\"logo\":{\"@type\":\"ImageObject\",\"inLanguage\":\"en-US\",\"@id\":\"https:\\\/\\\/rgsalesagent.com\\\/#\\\/schema\\\/logo\\\/image\\\/\",\"url\":\"https:\\\/\\\/rgsalesagent.com\\\/wp-content\\\/uploads\\\/2023\\\/06\\\/Logo-horizontal-fondo-blanco.jpg\",\"contentUrl\":\"https:\\\/\\\/rgsalesagent.com\\\/wp-content\\\/uploads\\\/2023\\\/06\\\/Logo-horizontal-fondo-blanco.jpg\",\"width\":950,\"height\":400,\"caption\":\"Agente Comercial - Jose Manuel Rueda Garc\u00eda\"},\"image\":{\"@id\":\"https:\\\/\\\/rgsalesagent.com\\\/#\\\/schema\\\/logo\\\/image\\\/\"},\"sameAs\":[\"https:\\\/\\\/www.linkedin.com\\\/in\\\/jmruedagarca\\\/\"]}]}<\/script>\n<!-- \/ Yoast SEO plugin. -->","yoast_head_json":{"title":"Who I am - Jos\u00e9 Miguel Rueda","description":"Who I am -","robots":{"index":"index","follow":"follow","max-snippet":"max-snippet:-1","max-image-preview":"max-image-preview:large","max-video-preview":"max-video-preview:-1"},"canonical":"https:\/\/rgsalesagent.com\/en\/who-i-am\/","og_locale":"en_US","og_type":"article","og_title":"Who I am - Jos\u00e9 Miguel Rueda","og_description":"Who I am -","og_url":"https:\/\/rgsalesagent.com\/en\/who-i-am\/","og_site_name":"Jos\u00e9 Miguel Rueda","article_modified_time":"2026-03-06T18:52:19+00:00","og_image":[{"width":723,"height":251,"url":"https:\/\/rgsalesagent.com\/wp-content\/uploads\/2023\/06\/Logo-horizontal-fondo-blanco-e1697626046756.jpg","type":"image\/jpeg"}],"twitter_card":"summary_large_image","twitter_misc":{"Est. reading time":"2 minutes"},"schema":{"@context":"https:\/\/schema.org","@graph":[{"@type":"WebPage","@id":"https:\/\/rgsalesagent.com\/en\/who-i-am\/","url":"https:\/\/rgsalesagent.com\/en\/who-i-am\/","name":"Who I am - Jos\u00e9 Miguel Rueda","isPartOf":{"@id":"https:\/\/rgsalesagent.com\/#website"},"datePublished":"2021-12-03T16:01:07+00:00","dateModified":"2026-03-06T18:52:19+00:00","description":"Who I am -","breadcrumb":{"@id":"https:\/\/rgsalesagent.com\/en\/who-i-am\/#breadcrumb"},"inLanguage":"en-US","potentialAction":[{"@type":"ReadAction","target":["https:\/\/rgsalesagent.com\/en\/who-i-am\/"]}]},{"@type":"BreadcrumbList","@id":"https:\/\/rgsalesagent.com\/en\/who-i-am\/#breadcrumb","itemListElement":[{"@type":"ListItem","position":1,"name":"Portada","item":"https:\/\/rgsalesagent.com\/en\/"},{"@type":"ListItem","position":2,"name":"Who I am"}]},{"@type":"WebSite","@id":"https:\/\/rgsalesagent.com\/#website","url":"https:\/\/rgsalesagent.com\/","name":"Agente Comercial - Jose Manuel Rueda Garc\u00eda","description":"Jos\u00e9 Miguel Rueda, agente comercial con m\u00e1s de 20 a\u00f1os de experiencia en el sector.","publisher":{"@id":"https:\/\/rgsalesagent.com\/#organization"},"potentialAction":[{"@type":"SearchAction","target":{"@type":"EntryPoint","urlTemplate":"https:\/\/rgsalesagent.com\/?s={search_term_string}"},"query-input":{"@type":"PropertyValueSpecification","valueRequired":true,"valueName":"search_term_string"}}],"inLanguage":"en-US"},{"@type":"Organization","@id":"https:\/\/rgsalesagent.com\/#organization","name":"Agente Comercial - Jose Manuel Rueda Garc\u00eda","url":"https:\/\/rgsalesagent.com\/","logo":{"@type":"ImageObject","inLanguage":"en-US","@id":"https:\/\/rgsalesagent.com\/#\/schema\/logo\/image\/","url":"https:\/\/rgsalesagent.com\/wp-content\/uploads\/2023\/06\/Logo-horizontal-fondo-blanco.jpg","contentUrl":"https:\/\/rgsalesagent.com\/wp-content\/uploads\/2023\/06\/Logo-horizontal-fondo-blanco.jpg","width":950,"height":400,"caption":"Agente Comercial - Jose Manuel Rueda Garc\u00eda"},"image":{"@id":"https:\/\/rgsalesagent.com\/#\/schema\/logo\/image\/"},"sameAs":["https:\/\/www.linkedin.com\/in\/jmruedagarca\/"]}]}},"brizy_media":[{"id":8562,"url":"https:\/\/rgsalesagent.com\/wp-content\/uploads\/2024\/02\/PYE-20-057-2.png","name":"PYE-20-057-2.png","meta":{"brizy_attachment_uid":"wp-beca475710f5389a159ac40becf85b2e.png","brizy_post_uid":["d684c42e3e57317111d2912160aad305"]}}],"_links":{"self":[{"href":"https:\/\/rgsalesagent.com\/en\/wp-json\/wp\/v2\/pages\/6500","targetHints":{"allow":["GET"]}}],"collection":[{"href":"https:\/\/rgsalesagent.com\/en\/wp-json\/wp\/v2\/pages"}],"about":[{"href":"https:\/\/rgsalesagent.com\/en\/wp-json\/wp\/v2\/types\/page"}],"author":[{"embeddable":true,"href":"https:\/\/rgsalesagent.com\/en\/wp-json\/wp\/v2\/users\/3"}],"replies":[{"embeddable":true,"href":"https:\/\/rgsalesagent.com\/en\/wp-json\/wp\/v2\/comments?post=6500"}],"version-history":[{"count":0,"href":"https:\/\/rgsalesagent.com\/en\/wp-json\/wp\/v2\/pages\/6500\/revisions"}],"wp:attachment":[{"href":"https:\/\/rgsalesagent.com\/en\/wp-json\/wp\/v2\/media?parent=6500"}],"curies":[{"name":"wp","href":"https:\/\/api.w.org\/{rel}","templated":true}]}}