{"id":8865,"date":"2024-02-15T11:22:57","date_gmt":"2024-02-15T11:22:57","guid":{"rendered":"https:\/\/rgsalesagent.com\/?page_id=8865"},"modified":"2026-03-05T18:59:07","modified_gmt":"2026-03-05T18:59:07","slug":"publications","status":"publish","type":"page","link":"https:\/\/rgsalesagent.com\/en\/publications\/","title":{"rendered":"Publications"},"content":{"rendered":"<div class=\"brz-root__container brz-reset-all brz brz-root__container-page\">\n<section id=\"_dhYXkc8tzBz8\" class=\"brz-section brz-css-pwefdz\">\n<div class=\"brz-section__content brz-section--boxed brz-css-m20ge5\" data-brz-custom-id=\"cOqAVEdnQS9N\">\n<div class=\"brz-container brz-css-14tc6e7\">\n<div id=\"\" class=\"brz-css-2n9jb3 brz-wrapper\">\n<div class=\"brz-rich-text brz-rich-text__custom brz-css-f86tpt\" data-brz-custom-id=\"t1ly7BTZLVlB\">\n<div data-brz-translate-text=\"1\">\n<h1 class=\"brz-tp-lg-heading4 brz-css-gw7kM\" data-uniq-id=\"nKM6H\" data-generated-css=\"brz-css-ydZ9A\"><span class=\"brz-cp-color2\">Discover the latest publications<\/span><\/h1>\n<\/div>\n<\/div>\n<\/div>\n<div id=\"\" class=\"brz-css-2n9jb3 brz-wrapper\">\n<div class=\"brz-embed-code brz-css-lw3cn8\" data-brz-custom-id=\"lhda6qfojE5J\">\n<div class=\"brz-embed-content\">\n<div>\n<div class=\"elfsight-app-199f4c2e-3454-412d-815f-35d18e8b7ec2\" data-elfsight-app-lazy=\"\"><\/div>\n<\/div>\n<\/div>\n<\/div>\n<\/div>\n<\/div>\n<\/div>\n<\/section>\n<\/div>\n<p>    <!-- version:1737216800 --><\/p>\n","protected":false},"excerpt":{"rendered":"<p>Discover the latest publications<\/p>\n","protected":false},"author":3,"featured_media":0,"parent":0,"menu_order":0,"comment_status":"closed","ping_status":"closed","template":"brizy-blank-template.php","meta":{"site-sidebar-layout":"default","site-content-layout":"","ast-site-content-layout":"default","site-content-style":"default","site-sidebar-style":"default","ast-global-header-display":"","ast-banner-title-visibility":"","ast-main-header-display":"","ast-hfb-above-header-display":"","ast-hfb-below-header-display":"","ast-hfb-mobile-header-display":"","site-post-title":"","ast-breadcrumbs-content":"","ast-featured-img":"","footer-sml-layout":"","ast-disable-related-posts":"","theme-transparent-header-meta":"","adv-header-id-meta":"","stick-header-meta":"","header-above-stick-meta":"","header-main-stick-meta":"","header-below-stick-meta":"","astra-migrate-meta-layouts":"set","ast-page-background-enabled":"default","ast-page-background-meta":{"desktop":{"background-color":"var(--ast-global-color-4)","background-image":"","background-repeat":"repeat","background-position":"center center","background-size":"auto","background-attachment":"scroll","background-type":"","background-media":"","overlay-type":"","overlay-color":"","overlay-opacity":"","overlay-gradient":""},"tablet":{"background-color":"","background-image":"","background-repeat":"repeat","background-position":"center center","background-size":"auto","background-attachment":"scroll","background-type":"","background-media":"","overlay-type":"","overlay-color":"","overlay-opacity":"","overlay-gradient":""},"mobile":{"background-color":"","background-image":"","background-repeat":"repeat","background-position":"center center","background-size":"auto","background-attachment":"scroll","background-type":"","background-media":"","overlay-type":"","overlay-color":"","overlay-opacity":"","overlay-gradient":""}},"ast-content-background-meta":{"desktop":{"background-color":"var(--ast-global-color-5)","background-image":"","background-repeat":"repeat","background-position":"center center","background-size":"auto","background-attachment":"scroll","background-type":"","background-media":"","overlay-type":"","overlay-color":"","overlay-opacity":"","overlay-gradient":""},"tablet":{"background-color":"var(--ast-global-color-5)","background-image":"","background-repeat":"repeat","background-position":"center center","background-size":"auto","background-attachment":"scroll","background-type":"","background-media":"","overlay-type":"","overlay-color":"","overlay-opacity":"","overlay-gradient":""},"mobile":{"background-color":"var(--ast-global-color-5)","background-image":"","background-repeat":"repeat","background-position":"center center","background-size":"auto","background-attachment":"scroll","background-type":"","background-media":"","overlay-type":"","overlay-color":"","overlay-opacity":"","overlay-gradient":""}},"footnotes":""},"class_list":["post-8865","page","type-page","status-publish","hentry"],"yoast_head":"<!-- This site is optimized with the Yoast SEO plugin v27.3 - https:\/\/yoast.com\/product\/yoast-seo-wordpress\/ -->\n<title>Publications - Jos\u00e9 Miguel Rueda<\/title>\n<meta name=\"description\" content=\"Publications -\" \/>\n<meta name=\"robots\" content=\"index, follow, max-snippet:-1, max-image-preview:large, max-video-preview:-1\" \/>\n<link rel=\"canonical\" href=\"https:\/\/rgsalesagent.com\/en\/publications\/\" \/>\n<meta property=\"og:locale\" content=\"en_US\" \/>\n<meta property=\"og:type\" content=\"article\" \/>\n<meta property=\"og:title\" content=\"Publications - Jos\u00e9 Miguel Rueda\" \/>\n<meta property=\"og:description\" content=\"Publications -\" \/>\n<meta property=\"og:url\" content=\"https:\/\/rgsalesagent.com\/en\/publications\/\" \/>\n<meta property=\"og:site_name\" content=\"Jos\u00e9 Miguel Rueda\" \/>\n<meta property=\"article:modified_time\" content=\"2026-03-05T18:59:07+00:00\" \/>\n<meta property=\"og:image\" content=\"https:\/\/rgsalesagent.com\/wp-content\/uploads\/2023\/06\/Logo-horizontal-fondo-blanco-e1697626046756.jpg\" \/>\n\t<meta property=\"og:image:width\" content=\"723\" \/>\n\t<meta property=\"og:image:height\" content=\"251\" \/>\n\t<meta property=\"og:image:type\" content=\"image\/jpeg\" \/>\n<meta name=\"twitter:card\" content=\"summary_large_image\" \/>\n<meta name=\"twitter:label1\" content=\"Est. reading time\" \/>\n\t<meta name=\"twitter:data1\" content=\"2 minutes\" \/>\n<script type=\"application\/ld+json\" class=\"yoast-schema-graph\">{\"@context\":\"https:\\\/\\\/schema.org\",\"@graph\":[{\"@type\":\"WebPage\",\"@id\":\"https:\\\/\\\/rgsalesagent.com\\\/en\\\/publications\\\/\",\"url\":\"https:\\\/\\\/rgsalesagent.com\\\/en\\\/publications\\\/\",\"name\":\"Publications - Jos\u00e9 Miguel Rueda\",\"isPartOf\":{\"@id\":\"https:\\\/\\\/rgsalesagent.com\\\/#website\"},\"datePublished\":\"2024-02-15T11:22:57+00:00\",\"dateModified\":\"2026-03-05T18:59:07+00:00\",\"description\":\"Publications -\",\"breadcrumb\":{\"@id\":\"https:\\\/\\\/rgsalesagent.com\\\/en\\\/publications\\\/#breadcrumb\"},\"inLanguage\":\"en-US\",\"potentialAction\":[{\"@type\":\"ReadAction\",\"target\":[\"https:\\\/\\\/rgsalesagent.com\\\/en\\\/publications\\\/\"]}]},{\"@type\":\"BreadcrumbList\",\"@id\":\"https:\\\/\\\/rgsalesagent.com\\\/en\\\/publications\\\/#breadcrumb\",\"itemListElement\":[{\"@type\":\"ListItem\",\"position\":1,\"name\":\"Portada\",\"item\":\"https:\\\/\\\/rgsalesagent.com\\\/en\\\/\"},{\"@type\":\"ListItem\",\"position\":2,\"name\":\"Publications\"}]},{\"@type\":\"WebSite\",\"@id\":\"https:\\\/\\\/rgsalesagent.com\\\/#website\",\"url\":\"https:\\\/\\\/rgsalesagent.com\\\/\",\"name\":\"Agente Comercial - Jose Manuel Rueda Garc\u00eda\",\"description\":\"Jos\u00e9 Miguel Rueda, agente comercial con m\u00e1s de 20 a\u00f1os de experiencia en el sector.\",\"publisher\":{\"@id\":\"https:\\\/\\\/rgsalesagent.com\\\/#organization\"},\"potentialAction\":[{\"@type\":\"SearchAction\",\"target\":{\"@type\":\"EntryPoint\",\"urlTemplate\":\"https:\\\/\\\/rgsalesagent.com\\\/?s={search_term_string}\"},\"query-input\":{\"@type\":\"PropertyValueSpecification\",\"valueRequired\":true,\"valueName\":\"search_term_string\"}}],\"inLanguage\":\"en-US\"},{\"@type\":\"Organization\",\"@id\":\"https:\\\/\\\/rgsalesagent.com\\\/#organization\",\"name\":\"Agente Comercial - Jose Manuel Rueda Garc\u00eda\",\"url\":\"https:\\\/\\\/rgsalesagent.com\\\/\",\"logo\":{\"@type\":\"ImageObject\",\"inLanguage\":\"en-US\",\"@id\":\"https:\\\/\\\/rgsalesagent.com\\\/#\\\/schema\\\/logo\\\/image\\\/\",\"url\":\"https:\\\/\\\/rgsalesagent.com\\\/wp-content\\\/uploads\\\/2023\\\/06\\\/Logo-horizontal-fondo-blanco.jpg\",\"contentUrl\":\"https:\\\/\\\/rgsalesagent.com\\\/wp-content\\\/uploads\\\/2023\\\/06\\\/Logo-horizontal-fondo-blanco.jpg\",\"width\":950,\"height\":400,\"caption\":\"Agente Comercial - Jose Manuel Rueda Garc\u00eda\"},\"image\":{\"@id\":\"https:\\\/\\\/rgsalesagent.com\\\/#\\\/schema\\\/logo\\\/image\\\/\"},\"sameAs\":[\"https:\\\/\\\/www.linkedin.com\\\/in\\\/jmruedagarca\\\/\"]}]}<\/script>\n<!-- \/ Yoast SEO plugin. -->","yoast_head_json":{"title":"Publications - Jos\u00e9 Miguel Rueda","description":"Publications -","robots":{"index":"index","follow":"follow","max-snippet":"max-snippet:-1","max-image-preview":"max-image-preview:large","max-video-preview":"max-video-preview:-1"},"canonical":"https:\/\/rgsalesagent.com\/en\/publications\/","og_locale":"en_US","og_type":"article","og_title":"Publications - Jos\u00e9 Miguel Rueda","og_description":"Publications -","og_url":"https:\/\/rgsalesagent.com\/en\/publications\/","og_site_name":"Jos\u00e9 Miguel Rueda","article_modified_time":"2026-03-05T18:59:07+00:00","og_image":[{"width":723,"height":251,"url":"https:\/\/rgsalesagent.com\/wp-content\/uploads\/2023\/06\/Logo-horizontal-fondo-blanco-e1697626046756.jpg","type":"image\/jpeg"}],"twitter_card":"summary_large_image","twitter_misc":{"Est. reading time":"2 minutes"},"schema":{"@context":"https:\/\/schema.org","@graph":[{"@type":"WebPage","@id":"https:\/\/rgsalesagent.com\/en\/publications\/","url":"https:\/\/rgsalesagent.com\/en\/publications\/","name":"Publications - Jos\u00e9 Miguel Rueda","isPartOf":{"@id":"https:\/\/rgsalesagent.com\/#website"},"datePublished":"2024-02-15T11:22:57+00:00","dateModified":"2026-03-05T18:59:07+00:00","description":"Publications -","breadcrumb":{"@id":"https:\/\/rgsalesagent.com\/en\/publications\/#breadcrumb"},"inLanguage":"en-US","potentialAction":[{"@type":"ReadAction","target":["https:\/\/rgsalesagent.com\/en\/publications\/"]}]},{"@type":"BreadcrumbList","@id":"https:\/\/rgsalesagent.com\/en\/publications\/#breadcrumb","itemListElement":[{"@type":"ListItem","position":1,"name":"Portada","item":"https:\/\/rgsalesagent.com\/en\/"},{"@type":"ListItem","position":2,"name":"Publications"}]},{"@type":"WebSite","@id":"https:\/\/rgsalesagent.com\/#website","url":"https:\/\/rgsalesagent.com\/","name":"Agente Comercial - Jose Manuel Rueda Garc\u00eda","description":"Jos\u00e9 Miguel Rueda, agente comercial con m\u00e1s de 20 a\u00f1os de experiencia en el sector.","publisher":{"@id":"https:\/\/rgsalesagent.com\/#organization"},"potentialAction":[{"@type":"SearchAction","target":{"@type":"EntryPoint","urlTemplate":"https:\/\/rgsalesagent.com\/?s={search_term_string}"},"query-input":{"@type":"PropertyValueSpecification","valueRequired":true,"valueName":"search_term_string"}}],"inLanguage":"en-US"},{"@type":"Organization","@id":"https:\/\/rgsalesagent.com\/#organization","name":"Agente Comercial - Jose Manuel Rueda Garc\u00eda","url":"https:\/\/rgsalesagent.com\/","logo":{"@type":"ImageObject","inLanguage":"en-US","@id":"https:\/\/rgsalesagent.com\/#\/schema\/logo\/image\/","url":"https:\/\/rgsalesagent.com\/wp-content\/uploads\/2023\/06\/Logo-horizontal-fondo-blanco.jpg","contentUrl":"https:\/\/rgsalesagent.com\/wp-content\/uploads\/2023\/06\/Logo-horizontal-fondo-blanco.jpg","width":950,"height":400,"caption":"Agente Comercial - Jose Manuel Rueda Garc\u00eda"},"image":{"@id":"https:\/\/rgsalesagent.com\/#\/schema\/logo\/image\/"},"sameAs":["https:\/\/www.linkedin.com\/in\/jmruedagarca\/"]}]}},"brizy_media":[{"id":8562,"url":"https:\/\/rgsalesagent.com\/wp-content\/uploads\/2024\/02\/PYE-20-057-2.png","name":"PYE-20-057-2.png","meta":{"brizy_attachment_uid":"wp-beca475710f5389a159ac40becf85b2e.png","brizy_post_uid":["d684c42e3e57317111d2912160aad305"]}}],"_links":{"self":[{"href":"https:\/\/rgsalesagent.com\/en\/wp-json\/wp\/v2\/pages\/8865","targetHints":{"allow":["GET"]}}],"collection":[{"href":"https:\/\/rgsalesagent.com\/en\/wp-json\/wp\/v2\/pages"}],"about":[{"href":"https:\/\/rgsalesagent.com\/en\/wp-json\/wp\/v2\/types\/page"}],"author":[{"embeddable":true,"href":"https:\/\/rgsalesagent.com\/en\/wp-json\/wp\/v2\/users\/3"}],"replies":[{"embeddable":true,"href":"https:\/\/rgsalesagent.com\/en\/wp-json\/wp\/v2\/comments?post=8865"}],"version-history":[{"count":1,"href":"https:\/\/rgsalesagent.com\/en\/wp-json\/wp\/v2\/pages\/8865\/revisions"}],"predecessor-version":[{"id":9094,"href":"https:\/\/rgsalesagent.com\/en\/wp-json\/wp\/v2\/pages\/8865\/revisions\/9094"}],"wp:attachment":[{"href":"https:\/\/rgsalesagent.com\/en\/wp-json\/wp\/v2\/media?parent=8865"}],"curies":[{"name":"wp","href":"https:\/\/api.w.org\/{rel}","templated":true}]}}